{"id":905,"date":"2021-08-23T09:04:05","date_gmt":"2021-08-23T07:04:05","guid":{"rendered":"http:\/\/new.herbamed.ch\/?post_type=product&#038;p=905"},"modified":"2022-01-12T09:31:44","modified_gmt":"2022-01-12T08:31:44","slug":"aurantium-e-floribus-o-d1","status":"publish","type":"product","link":"http:\/\/www.herbamed.ch\/fr\/produit-2\/aurantium-e-floribus-o-d1\/","title":{"rendered":"Aurantium e floribus \u00d8 = D1"},"content":{"rendered":"<h3>Vorkommen und Beschreibung<\/h3>\n<p>Die Bitterorange oder auch Pomeranze genannt, kam vor fast 1000 Jahren aus China \u00fcber Italien zu uns, schon bevor die klassische Orange in Europa bekannt wurde. Bei Aurantium handelt es sich um einen eher kleinen Baum, der \u00fcber dunkelgr\u00fcne Bl\u00e4tter verf\u00fcgt. Die wei\u00dfen Bl\u00fcten sind stark duftend, aus ihnen bilden sich die orangefarbenen Fr\u00fcchte. Im Aussehen erinnern sie an eine Orange- allerdings ist das Fruchtfleisch als sauer zu bezeichnen und die Schale schmeckt sehr bitter.<\/p>\n<p>&nbsp;<\/p>\n<h3>Anwendung der Pflanzen<\/h3>\n<p>Aurantium e floribus findet Anwendung in folgenden Bereichen: nerv\u00f6se Unruhezust\u00e4nde und Einschlafst\u00f6rungen da Aurantium e floribus krampfl\u00f6send, beruhigend, nervenst\u00e4rkend und entspannend wirkt.<\/p>\n<p>&nbsp;<\/p>\n<h3>Quelle(n)<\/h3>\n<ul>\n<li><a href=\"https:\/\/www.heilpflanzen.info\/steckbrief\/pomeranze\/\">https:\/\/www.heilpflanzen.info\/steckbrief\/pomeranze\/<\/a><\/li>\n<li>Karl Hiller: Lexikon der Arnzeipflanzen und Drogen<\/li>\n<\/ul>","protected":false},"excerpt":{"rendered":"<p>Die Bitterorange oder auch Pomeranze genannt, kam vor fast 1000 Jahren aus China \u00fcber Italien zu uns, schon bevor die klassische Orange in Europa bekannt wurde. Bei Aurantium handelt es sich um einen eher kleinen Baum, der \u00fcber dunkelgr\u00fcne Bl\u00e4tter verf\u00fcgt.<\/p>","protected":false},"featured_media":951,"template":"","meta":{"_monsterinsights_skip_tracking":false,"_monsterinsights_sitenote_active":false,"_monsterinsights_sitenote_note":"","_monsterinsights_sitenote_category":0},"product_brand":[],"product_cat":[2119,27,25],"product_tag":[],"class_list":{"0":"post-905","1":"product","2":"type-product","3":"status-publish","4":"has-post-thumbnail","6":"product_cat-b2b","7":"product_cat-urtinkturen","8":"product_cat-wirkstoffe","10":"first","11":"instock","12":"shipping-taxable","13":"purchasable","14":"product-type-simple"},"_links":{"self":[{"href":"http:\/\/www.herbamed.ch\/fr\/wp-json\/wp\/v2\/product\/905","targetHints":{"allow":["GET"]}}],"collection":[{"href":"http:\/\/www.herbamed.ch\/fr\/wp-json\/wp\/v2\/product"}],"about":[{"href":"http:\/\/www.herbamed.ch\/fr\/wp-json\/wp\/v2\/types\/product"}],"wp:featuredmedia":[{"embeddable":true,"href":"http:\/\/www.herbamed.ch\/fr\/wp-json\/wp\/v2\/media\/951"}],"wp:attachment":[{"href":"http:\/\/www.herbamed.ch\/fr\/wp-json\/wp\/v2\/media?parent=905"}],"wp:term":[{"taxonomy":"product_brand","embeddable":true,"href":"http:\/\/www.herbamed.ch\/fr\/wp-json\/wp\/v2\/product_brand?post=905"},{"taxonomy":"product_cat","embeddable":true,"href":"http:\/\/www.herbamed.ch\/fr\/wp-json\/wp\/v2\/product_cat?post=905"},{"taxonomy":"product_tag","embeddable":true,"href":"http:\/\/www.herbamed.ch\/fr\/wp-json\/wp\/v2\/product_tag?post=905"}],"curies":[{"name":"wp","href":"https:\/\/api.w.org\/{rel}","templated":true}]}}