{"id":872,"date":"2021-08-23T09:03:39","date_gmt":"2021-08-23T07:03:39","guid":{"rendered":"http:\/\/new.herbamed.ch\/?post_type=product&#038;p=872"},"modified":"2022-01-12T09:31:46","modified_gmt":"2022-01-12T08:31:46","slug":"arisaema-triphyllum-o","status":"publish","type":"product","link":"http:\/\/www.herbamed.ch\/fr\/produit-2\/arisaema-triphyllum-o\/","title":{"rendered":"Arisaema triphyllum \u00d8"},"content":{"rendered":"<h3>Vorkommen und Beschreibung<\/h3>\n<p>Man z\u00e4hlt Arisaema triphyllum zu den Giftgew\u00e4chsen. Er kommt in China und Amerika vor. Wie alle anderen Unterarten aus der Gattung der Aarongew\u00e4chse zeichnet er sich durch einen langen einbl\u00e4ttrig bl\u00fctengezierten Stiel und stabf\u00f6rmigen Staubef\u00e4\u00dfen aus. Sie entwickelt rote s\u00fc\u00dfe Beeren, die heftige Magen-Darm-Beschwerden verursachen. Generell riecht sie sehr unangenehm. Arisaema triphyllum enth\u00e4lt mehrere Giftstoffe, darunter auch Oxalate und Blaus\u00e4ure. Bei empfindlichen Menschen f\u00fchrt die reine Ber\u00fchrung mit der Pflanze bereits zu rot-juckenden Hautirritationen.<\/p>\n<p>&nbsp;<\/p>\n<h3>Anwendung der Pflanze<\/h3>\n<p>Klassische Hom\u00f6opathen geben Arisaema triphyllum bei Entz\u00fcndungen des oberen Atemapparates. Dazu geh\u00f6ren Nasennebenh\u00f6hlen-, Rachen- Mandel- und Kehlkopfentz\u00fcndungen. Arisaema triphyllum wird angewendet, wenn man nicht mehr oder nur unter Schwierigkeiten sprechen kann.<\/p>\n<p>&nbsp;<\/p>\n<h3>Quelle(n)<\/h3>\n<ul>\n<li>https:\/\/www.hallo-homoeopathie.de\/mittel\/arum-triphyllum<\/li>\n<li>Julius Mezger: gesichtete hom\u00f6opathische Arnzeimittellehre<\/li>\n<\/ul>","protected":false},"excerpt":{"rendered":"<p>Man z\u00e4hlt Arisaema triphyllum zu den Giftgew\u00e4chsen. Er kommt in China und Amerika vor. Wie alle anderen Unterarten aus der Gattung der Aarongew\u00e4chse zeichnet er sich durch einen langen einbl\u00e4ttrig bl\u00fctengezierten Stiel und stabf\u00f6rmigen Staubef\u00e4ssen aus.<\/p>","protected":false},"featured_media":918,"template":"","meta":{"_monsterinsights_skip_tracking":false,"_monsterinsights_sitenote_active":false,"_monsterinsights_sitenote_note":"","_monsterinsights_sitenote_category":0},"product_brand":[],"product_cat":[2119,27,25],"product_tag":[],"class_list":{"0":"post-872","1":"product","2":"type-product","3":"status-publish","4":"has-post-thumbnail","6":"product_cat-b2b","7":"product_cat-urtinkturen","8":"product_cat-wirkstoffe","10":"first","11":"instock","12":"shipping-taxable","13":"purchasable","14":"product-type-simple"},"_links":{"self":[{"href":"http:\/\/www.herbamed.ch\/fr\/wp-json\/wp\/v2\/product\/872","targetHints":{"allow":["GET"]}}],"collection":[{"href":"http:\/\/www.herbamed.ch\/fr\/wp-json\/wp\/v2\/product"}],"about":[{"href":"http:\/\/www.herbamed.ch\/fr\/wp-json\/wp\/v2\/types\/product"}],"wp:featuredmedia":[{"embeddable":true,"href":"http:\/\/www.herbamed.ch\/fr\/wp-json\/wp\/v2\/media\/918"}],"wp:attachment":[{"href":"http:\/\/www.herbamed.ch\/fr\/wp-json\/wp\/v2\/media?parent=872"}],"wp:term":[{"taxonomy":"product_brand","embeddable":true,"href":"http:\/\/www.herbamed.ch\/fr\/wp-json\/wp\/v2\/product_brand?post=872"},{"taxonomy":"product_cat","embeddable":true,"href":"http:\/\/www.herbamed.ch\/fr\/wp-json\/wp\/v2\/product_cat?post=872"},{"taxonomy":"product_tag","embeddable":true,"href":"http:\/\/www.herbamed.ch\/fr\/wp-json\/wp\/v2\/product_tag?post=872"}],"curies":[{"name":"wp","href":"https:\/\/api.w.org\/{rel}","templated":true}]}}