{"id":819,"date":"2021-08-23T09:03:06","date_gmt":"2021-08-23T07:03:06","guid":{"rendered":"http:\/\/new.herbamed.ch\/?post_type=product&#038;p=819"},"modified":"2022-01-12T09:31:50","modified_gmt":"2022-01-12T08:31:50","slug":"centella-asiatica-o-d1","status":"publish","type":"product","link":"http:\/\/www.herbamed.ch\/fr\/produit-2\/centella-asiatica-o-d1\/","title":{"rendered":"Centella asiatica \u00d8 = D1"},"content":{"rendered":"<h3>Vorkommen und Beschreibung<\/h3>\n<p>Centella aiatica ist eine kriechende, polsterbildene Staude mit nierenf\u00f6rmigen gezackten Bl\u00e4ttern. Sie geh\u00f6rt zu den Waldpflanze welche den n\u00e4hrstoffreichen Boden in Thailand m\u00f6gen. Centella asiatica w\u00e4chst bevorzugt am halbschattigen Standort in der N\u00e4he von Fl\u00fcssen und B\u00e4chen. Im Fr\u00fchjahr bis Sommer bilden sich kleine rosafarbene bis r\u00f6tliche Bl\u00fcten.<\/p>\n<p>&nbsp;<\/p>\n<h3>Anwendung der Pflanze<\/h3>\n<p>Centella asiatica wirkt entgiftend, entz\u00fcndungshemmend, fiebersenkend, harntreibend und wundheilend. Es wirkt unterst\u00fctzend bei Herzproblemen, verleiht Kraft und Energie bei allgemeinen Schw\u00e4chezust\u00e4nden, Harnwegsproblemen, Nierenentz\u00fcndungen sowie bei Migr\u00e4ne. Centella asiatica kann das aufl\u00f6sen von Blutgerinnsel nach Unf\u00e4llen oder Operationen beg\u00fcnstigen. Zudem wird das Immunsystem gest\u00e4rkt und soll eine verj\u00fcngende Wirkung haben. Centella asiatica hilft gegen Stress und f\u00f6rdert das Ged\u00e4chtnis.<\/p>\n<p>&nbsp;<\/p>\n<h3>Quelle(n)<\/h3>\n<ul>\n<li>Karl Hiller: Lexikon der Arnzeipflanzen und Drogen<\/li>\n<li><a href=\"http:\/\/www.siamherba.net\/heilkraeuter-und-heilpflanzen\/heilpflanze-a-bis-g\/centella-asiatica\/index.html\" target=\"_blank\" rel=\"noopener noreferrer\">http:\/\/www.siamherba.net\/heilkraeuter-und-heilpflanzen\/heilpflanze-a-bis-g\/centella-asiatica\/index.html<\/a><\/li>\n<\/ul>","protected":false},"excerpt":{"rendered":"<p>Vorkommen und Beschreibung Centella aiatica ist eine kriechende, polsterbildene Staude mit nierenf\u00f6rmigen gezackten Bl\u00e4ttern. Sie geh\u00f6rt zu den Waldpflanze welche den n\u00e4hrstoffreichen Boden in Thailand m\u00f6gen. Centella asiatica w\u00e4chst bevorzugt am halbschattigen Standort in der N\u00e4he von Fl\u00fcssen und B\u00e4chen. Im Fr\u00fchjahr bis Sommer bilden sich kleine rosafarbene bis r\u00f6tliche Bl\u00fcten. &nbsp; Anwendung der Pflanze [&hellip;]<\/p>\n","protected":false},"featured_media":0,"template":"","meta":{"_monsterinsights_skip_tracking":false,"_monsterinsights_sitenote_active":false,"_monsterinsights_sitenote_note":"","_monsterinsights_sitenote_category":0},"product_brand":[],"product_cat":[2119,27,25],"product_tag":[],"class_list":{"0":"post-819","1":"product","2":"type-product","3":"status-publish","5":"product_cat-b2b","6":"product_cat-urtinkturen","7":"product_cat-wirkstoffe","9":"first","10":"instock","11":"shipping-taxable","12":"purchasable","13":"product-type-simple"},"_links":{"self":[{"href":"http:\/\/www.herbamed.ch\/fr\/wp-json\/wp\/v2\/product\/819","targetHints":{"allow":["GET"]}}],"collection":[{"href":"http:\/\/www.herbamed.ch\/fr\/wp-json\/wp\/v2\/product"}],"about":[{"href":"http:\/\/www.herbamed.ch\/fr\/wp-json\/wp\/v2\/types\/product"}],"wp:attachment":[{"href":"http:\/\/www.herbamed.ch\/fr\/wp-json\/wp\/v2\/media?parent=819"}],"wp:term":[{"taxonomy":"product_brand","embeddable":true,"href":"http:\/\/www.herbamed.ch\/fr\/wp-json\/wp\/v2\/product_brand?post=819"},{"taxonomy":"product_cat","embeddable":true,"href":"http:\/\/www.herbamed.ch\/fr\/wp-json\/wp\/v2\/product_cat?post=819"},{"taxonomy":"product_tag","embeddable":true,"href":"http:\/\/www.herbamed.ch\/fr\/wp-json\/wp\/v2\/product_tag?post=819"}],"curies":[{"name":"wp","href":"https:\/\/api.w.org\/{rel}","templated":true}]}}