{"id":789,"date":"2021-08-23T09:02:42","date_gmt":"2021-08-23T07:02:42","guid":{"rendered":"http:\/\/new.herbamed.ch\/?post_type=product&#038;p=789"},"modified":"2022-01-12T09:31:52","modified_gmt":"2022-01-12T08:31:52","slug":"dactylopius-coccus-o-d1","status":"publish","type":"product","link":"http:\/\/www.herbamed.ch\/fr\/produit-2\/dactylopius-coccus-o-d1\/","title":{"rendered":"Dactylopius coccus \u00d8 = D1"},"content":{"rendered":"<h3>Vorkommen und Beschreibung<\/h3>\n<p>Dactylopius coccus ein Insekt das als Sch\u00e4dling auf dem Feigenkaktus (Opuntie) vorkommt. Urspr\u00fcnglich stammt Dactylopius coccus aus S\u00fcd- und Mittelamerika wurde jedoch mit ihrem Wirt der Opuntie in zahlreiche L\u00e4nder importiert unter anderem auch ins Mittelmeergebiet. Aus dem fl\u00fcgellosen ca 6 mm langen Weibchen von Dactylopius coccus wird ein roter Farbstoff gewonnen die Karmins\u00e4ure. Neben letzterer scheidet das Weibchen auch Wachs aus. Die Entdeckung dieses ungiftigen Farbstoffes der dauerhaft und intensiv f\u00e4rbte und licht und w\u00e4rmebest\u00e4ndig ist, war revolution\u00e4r. Vor der Entdeckung von Dactylopius coccus war das Rotf\u00e4rben in Europa mit der Kermeslaus erfolgt deren Farbe aber weniger ergiebig und weniger intensiv F\u00e4rbte als Dactylopius coccus. Heute noch wird Dactylopius coccus in der Kosmetikindustrie, als Lebensmittelfarbstoff und Malerfarben verwendet.<\/p>\n<p>&nbsp;<\/p>\n<h3>Traditionelle Anwendung des Materials<\/h3>\n<p>Dactylopius coccus wird vorwiegend bei Leiden der Lungen und Nieren in der Hom\u00f6opathie verwendet. Insbesondere Keuchhusten, Bronchialkatarrhe mit besonders z\u00e4her, fadenziehender Sekretion zeigen das Mittel Dactylopius coccus an. Bei Nierenleiden aller Art wird Dactylopius coccus auch verwendet. Bei ausbleibender Diurese, Nierensteinleiden, Nierenbeckenentz\u00fcndungen und Blasenentz\u00fcndungen ist Dactylopius coccus angezeigt.<\/p>\n<p>&nbsp;<\/p>\n<h3>Quelle(n)<\/h3>\n<ul>\n<li><a href=\"https:\/\/de.wikipedia.org\/wiki\/Cochenilleschildlaus\" target=\"_blank\" rel=\"noopener noreferrer\">https:\/\/de.wikipedia.org\/wiki\/Cochenilleschildlaus<\/a><\/li>\n<\/ul>","protected":false},"excerpt":{"rendered":"<p>Vorkommen und Beschreibung Dactylopius coccus ein Insekt das als Sch\u00e4dling auf dem Feigenkaktus (Opuntie) vorkommt. Urspr\u00fcnglich stammt Dactylopius coccus aus S\u00fcd- und Mittelamerika wurde jedoch mit ihrem Wirt der Opuntie in zahlreiche L\u00e4nder importiert unter anderem auch ins Mittelmeergebiet. Aus dem fl\u00fcgellosen ca 6 mm langen Weibchen von Dactylopius coccus wird ein roter Farbstoff gewonnen [&hellip;]<\/p>\n","protected":false},"featured_media":838,"template":"","meta":{"_monsterinsights_skip_tracking":false,"_monsterinsights_sitenote_active":false,"_monsterinsights_sitenote_note":"","_monsterinsights_sitenote_category":0},"product_brand":[],"product_cat":[2119,27,25],"product_tag":[],"class_list":{"0":"post-789","1":"product","2":"type-product","3":"status-publish","4":"has-post-thumbnail","6":"product_cat-b2b","7":"product_cat-urtinkturen","8":"product_cat-wirkstoffe","10":"first","11":"instock","12":"shipping-taxable","13":"purchasable","14":"product-type-simple"},"_links":{"self":[{"href":"http:\/\/www.herbamed.ch\/fr\/wp-json\/wp\/v2\/product\/789","targetHints":{"allow":["GET"]}}],"collection":[{"href":"http:\/\/www.herbamed.ch\/fr\/wp-json\/wp\/v2\/product"}],"about":[{"href":"http:\/\/www.herbamed.ch\/fr\/wp-json\/wp\/v2\/types\/product"}],"wp:featuredmedia":[{"embeddable":true,"href":"http:\/\/www.herbamed.ch\/fr\/wp-json\/wp\/v2\/media\/838"}],"wp:attachment":[{"href":"http:\/\/www.herbamed.ch\/fr\/wp-json\/wp\/v2\/media?parent=789"}],"wp:term":[{"taxonomy":"product_brand","embeddable":true,"href":"http:\/\/www.herbamed.ch\/fr\/wp-json\/wp\/v2\/product_brand?post=789"},{"taxonomy":"product_cat","embeddable":true,"href":"http:\/\/www.herbamed.ch\/fr\/wp-json\/wp\/v2\/product_cat?post=789"},{"taxonomy":"product_tag","embeddable":true,"href":"http:\/\/www.herbamed.ch\/fr\/wp-json\/wp\/v2\/product_tag?post=789"}],"curies":[{"name":"wp","href":"https:\/\/api.w.org\/{rel}","templated":true}]}}