{"id":769,"date":"2021-08-23T09:02:18","date_gmt":"2021-08-23T07:02:18","guid":{"rendered":"http:\/\/new.herbamed.ch\/?post_type=product&#038;p=769"},"modified":"2022-01-12T09:31:53","modified_gmt":"2022-01-12T08:31:53","slug":"cupressus-sempervirens-o","status":"publish","type":"product","link":"http:\/\/www.herbamed.ch\/fr\/produit-2\/cupressus-sempervirens-o\/","title":{"rendered":"Cupressus sempervirens \u00d8"},"content":{"rendered":"<h3>Vorkommen und Beschreibung<\/h3>\n<p>Cupressus sempervirens ist ein immergr\u00fcner Nadelbaum, der bis zu drei\u00dfig Meter hoch werden kann und an sonnigen trockenen Pl\u00e4tzen w\u00e4chst. Die Form des Baumes ist schmal, fast s\u00e4ulenartig. Der Duft von Cupressus sempervirens ist typisch w\u00fcrzig und wie Balsam.<\/p>\n<p>&nbsp;<\/p>\n<h3>Traditionelle Anwendung der Pflanze<\/h3>\n<p>Cupressus sempervirens wird eingesetzt bei Erkrankungen der Atemwege, wie Bronchitis oder Husten. Hom\u00f6opathisch wird Cupressus sempervirens bei Kopf- und Gelenkschmerzen verarbreicht.<\/p>\n<p>&nbsp;<\/p>\n<h3>Quelle(n)<\/h3>\n<ul>\n<li><a href=\"https:\/\/www.kraeuter-verzeichnis.de\/kraeuter\/zypresse.shtml\" target=\"_blank\" rel=\"noopener noreferrer\">https:\/\/www.kraeuter-verzeichnis.de\/kraeuter\/zypresse.shtml<\/a><\/li>\n<li>Karl Hiller: Lexikon der Arnzeipflanzen und Drogen<\/li>\n<\/ul>","protected":false},"excerpt":{"rendered":"<p>Vorkommen und Beschreibung Cupressus sempervirens ist ein immergr\u00fcner Nadelbaum, der bis zu drei\u00dfig Meter hoch werden kann und an sonnigen trockenen Pl\u00e4tzen w\u00e4chst. Die Form des Baumes ist schmal, fast s\u00e4ulenartig. Der Duft von Cupressus sempervirens ist typisch w\u00fcrzig und wie Balsam. &nbsp; Traditionelle Anwendung der Pflanze Cupressus sempervirens wird eingesetzt bei Erkrankungen der Atemwege, [&hellip;]<\/p>\n","protected":false},"featured_media":809,"template":"","meta":{"_monsterinsights_skip_tracking":false,"_monsterinsights_sitenote_active":false,"_monsterinsights_sitenote_note":"","_monsterinsights_sitenote_category":0},"product_brand":[],"product_cat":[2119,27,25],"product_tag":[],"class_list":{"0":"post-769","1":"product","2":"type-product","3":"status-publish","4":"has-post-thumbnail","6":"product_cat-b2b","7":"product_cat-urtinkturen","8":"product_cat-wirkstoffe","10":"first","11":"instock","12":"shipping-taxable","13":"purchasable","14":"product-type-simple"},"_links":{"self":[{"href":"http:\/\/www.herbamed.ch\/fr\/wp-json\/wp\/v2\/product\/769","targetHints":{"allow":["GET"]}}],"collection":[{"href":"http:\/\/www.herbamed.ch\/fr\/wp-json\/wp\/v2\/product"}],"about":[{"href":"http:\/\/www.herbamed.ch\/fr\/wp-json\/wp\/v2\/types\/product"}],"wp:featuredmedia":[{"embeddable":true,"href":"http:\/\/www.herbamed.ch\/fr\/wp-json\/wp\/v2\/media\/809"}],"wp:attachment":[{"href":"http:\/\/www.herbamed.ch\/fr\/wp-json\/wp\/v2\/media?parent=769"}],"wp:term":[{"taxonomy":"product_brand","embeddable":true,"href":"http:\/\/www.herbamed.ch\/fr\/wp-json\/wp\/v2\/product_brand?post=769"},{"taxonomy":"product_cat","embeddable":true,"href":"http:\/\/www.herbamed.ch\/fr\/wp-json\/wp\/v2\/product_cat?post=769"},{"taxonomy":"product_tag","embeddable":true,"href":"http:\/\/www.herbamed.ch\/fr\/wp-json\/wp\/v2\/product_tag?post=769"}],"curies":[{"name":"wp","href":"https:\/\/api.w.org\/{rel}","templated":true}]}}