{"id":733,"date":"2021-08-23T09:01:48","date_gmt":"2021-08-23T07:01:48","guid":{"rendered":"http:\/\/new.herbamed.ch\/?post_type=product&#038;p=733"},"modified":"2022-01-12T09:31:56","modified_gmt":"2022-01-12T08:31:56","slug":"chimaphila-umbellata-o","status":"publish","type":"product","link":"http:\/\/www.herbamed.ch\/fr\/produit-2\/chimaphila-umbellata-o\/","title":{"rendered":"Chimaphila umbellata \u00d8"},"content":{"rendered":"<h3>Vorkommen und Beschreibung<\/h3>\n<p>Chimaphila umbellata das Heidekrautgew\u00e4chs (Ericaceae) ist stark vom Aussterben bedroht und besonders gesch\u00fctzt. Das Problem ist, dass sein Standort immer mehr verschwindet. Um sich wohlzuf\u00fchlen braucht Chimaphila umbellata trockene, n\u00e4hrstoffarme und eher basische, sandige B\u00f6den wie sie flechtenreiche Kiefernw\u00e4lder bieten. Die Pflanze kommt bei uns nur noch in wenigen Standorten in den Kantonen Z\u00fcrich und Bern vor. Chimaphila umbellata braucht die Symbiose mit einem Pilz (Mykorrhiza). Der Pilz versorgt die Pflanze mit Mineralstoffen und Wasser, umgekehrt erh\u00e4lt der Pilz Kohlehydrate von der Pflanze. Auch bei der Entwicklung des Keimlings spielt der Pilz eine noch nicht ganz ins Detail erforschte Rolle. Chimaphila umbellata w\u00e4chst bis 25cm hoch. Das Rhizom w\u00e4chst weitverzweigt und darum bilden sich meist Truppen von Chimaphila umbellata. Die Bl\u00e4tter sind immergr\u00fcn, verkehrt-eif\u00f6rmig bis lanzettlich mit nach vorne gerichteten Z\u00e4hnen im unteren Teil des Stiels treten die Bl\u00e4tter geh\u00e4uft auf. Die rosa Bl\u00fcten sind 3-7 St\u00fcck zu einer endst\u00e4ndigen Dolde zusammengefasst.<\/p>\n<p>&nbsp;<\/p>\n<h3>Anwendung der Pflanze<\/h3>\n<p>Chimaphila umbellata wird \u00e4hnlich wie Arctostaphylos uva-ursi mit dem es auch den Wirkstoff Arbutin gemeinsam hat, verwendet. Es desinfiziert die ableitenden Harnwege und ist in basischem Urin besonders wirksam, weil sich das Arbutin erst dort zu seiner wirksamen Form umwandeln kann. Auch bei Beschwerden der Prostata, bei Rheuma und Beschwerden der Atemwege und \u00d6demen wird Chimaphila umbellata empfohlen. In der Hom\u00f6opathie wird Chimaphila umbellata bei \u00e4hnlichen Beschwerden empfohlen, Leitsymptom ist ein \u00fcbelriechender Harn mit schleimig-eitrigem Harnsediment.<\/p>\n<p>&nbsp;<\/p>\n<h3>Quelle(n)<\/h3>\n<ul>\n<li><a href=\"https:\/\/de.wikipedia.org\/wiki\/Dolden-Winterlieb\" target=\"_blank\" rel=\"noopener noreferrer\">https:\/\/de.wikipedia.org\/wiki\/Dolden-Winterlieb<\/a><\/li>\n<\/ul>","protected":false},"excerpt":{"rendered":"<p>Vorkommen und Beschreibung Chimaphila umbellata das Heidekrautgew\u00e4chs (Ericaceae) ist stark vom Aussterben bedroht und besonders gesch\u00fctzt. Das Problem ist, dass sein Standort immer mehr verschwindet. Um sich wohlzuf\u00fchlen braucht Chimaphila umbellata trockene, n\u00e4hrstoffarme und eher basische, sandige B\u00f6den wie sie flechtenreiche Kiefernw\u00e4lder bieten. Die Pflanze kommt bei uns nur noch in wenigen Standorten in den [&hellip;]<\/p>\n","protected":false},"featured_media":749,"template":"","meta":{"_monsterinsights_skip_tracking":false,"_monsterinsights_sitenote_active":false,"_monsterinsights_sitenote_note":"","_monsterinsights_sitenote_category":0},"product_brand":[],"product_cat":[2119,27,25],"product_tag":[],"class_list":{"0":"post-733","1":"product","2":"type-product","3":"status-publish","4":"has-post-thumbnail","6":"product_cat-b2b","7":"product_cat-urtinkturen","8":"product_cat-wirkstoffe","10":"first","11":"instock","12":"shipping-taxable","13":"purchasable","14":"product-type-simple"},"_links":{"self":[{"href":"http:\/\/www.herbamed.ch\/fr\/wp-json\/wp\/v2\/product\/733","targetHints":{"allow":["GET"]}}],"collection":[{"href":"http:\/\/www.herbamed.ch\/fr\/wp-json\/wp\/v2\/product"}],"about":[{"href":"http:\/\/www.herbamed.ch\/fr\/wp-json\/wp\/v2\/types\/product"}],"wp:featuredmedia":[{"embeddable":true,"href":"http:\/\/www.herbamed.ch\/fr\/wp-json\/wp\/v2\/media\/749"}],"wp:attachment":[{"href":"http:\/\/www.herbamed.ch\/fr\/wp-json\/wp\/v2\/media?parent=733"}],"wp:term":[{"taxonomy":"product_brand","embeddable":true,"href":"http:\/\/www.herbamed.ch\/fr\/wp-json\/wp\/v2\/product_brand?post=733"},{"taxonomy":"product_cat","embeddable":true,"href":"http:\/\/www.herbamed.ch\/fr\/wp-json\/wp\/v2\/product_cat?post=733"},{"taxonomy":"product_tag","embeddable":true,"href":"http:\/\/www.herbamed.ch\/fr\/wp-json\/wp\/v2\/product_tag?post=733"}],"curies":[{"name":"wp","href":"https:\/\/api.w.org\/{rel}","templated":true}]}}