{"id":729,"date":"2021-08-23T09:01:47","date_gmt":"2021-08-23T07:01:47","guid":{"rendered":"http:\/\/new.herbamed.ch\/?post_type=product&#038;p=729"},"modified":"2022-01-12T09:31:57","modified_gmt":"2022-01-12T08:31:57","slug":"cetraria-islandica-o-d1","status":"publish","type":"product","link":"http:\/\/www.herbamed.ch\/fr\/produit-2\/cetraria-islandica-o-d1\/","title":{"rendered":"Cetraria islandica \u00d8 = D1"},"content":{"rendered":"<h3>Vorkommen und Beschreibung<\/h3>\n<p>Die weit bis in den Norden gedeihende Cetraria islandia mit ihrem fast laubartigen bis 15 cm langem Thallus, der auf der einen Seite gr\u00fcnlich-braun, auf der anderen grauwei\u00dflich gef\u00e4rbt und mit verstreuten, wei\u00dfen, vertieften Flecken besetzt ist, bedeckt dort fast als einzige Pflanze den k\u00e4rglichen Boden und dient den gen\u00fcgsamen Renntieren als Futter. Cetraria islandica ist wie alle Flechten, ein mit einer Alge in Symbiose lebender Pilz; zwischen Pilz und Alge findet ein Stoffaustausch statt, der beiden Komponenten zum Vorteil gereicht. Die Flechten k\u00f6nnen ungef\u00e4hrdet monatelang eintrocknen und sind auch in der Lage, Wasser aus dem Dampfgehalt der Luft aufzunehmen.<\/p>\n<p>&nbsp;<\/p>\n<h3>Anwendung der Pflanze<\/h3>\n<p>Cetraria islandica wird eingesetzt bei Bronchitis, Reizhusten, Schleimhautreizungen im Mund- und Rachenraum und als Bittermittel in Magentees.<\/p>\n<p>&nbsp;<\/p>\n<h3>Quelle(n)<\/h3>\n<ul>\n<li><a href=\"https:\/\/www.henriettes-herb.com\/eclectic\/madaus\/cetraria.html\" target=\"_blank\" rel=\"noopener noreferrer\">https:\/\/www.henriettes-herb.com\/eclectic\/madaus\/cetraria.html<\/a><\/li>\n<li>Karl Hiller: Lexikon der Arnzeipflanzen und Drogen<\/li>\n<\/ul>","protected":false},"excerpt":{"rendered":"<p>Die weit bis in den Norden gedeihende Cetraria islandia mit ihrem fast laubartigen bis 15 cm langem Thallus, der auf der einen Seite gr\u00fcnlich-braun, auf der anderen grauwei\u00dflich gef\u00e4rbt und mit verstreuten, wei\u00dfen, vertieften Flecken besetzt ist, bedeckt dort fast als einzige Pflanze den k\u00e4rglichen Boden und dient den gen\u00fcgsamen Renntieren als Futter.<\/p>","protected":false},"featured_media":0,"template":"","meta":{"_monsterinsights_skip_tracking":false,"_monsterinsights_sitenote_active":false,"_monsterinsights_sitenote_note":"","_monsterinsights_sitenote_category":0},"product_brand":[],"product_cat":[2119,27,25],"product_tag":[],"class_list":{"0":"post-729","1":"product","2":"type-product","3":"status-publish","5":"product_cat-b2b","6":"product_cat-urtinkturen","7":"product_cat-wirkstoffe","9":"first","10":"instock","11":"shipping-taxable","12":"purchasable","13":"product-type-simple"},"_links":{"self":[{"href":"http:\/\/www.herbamed.ch\/fr\/wp-json\/wp\/v2\/product\/729","targetHints":{"allow":["GET"]}}],"collection":[{"href":"http:\/\/www.herbamed.ch\/fr\/wp-json\/wp\/v2\/product"}],"about":[{"href":"http:\/\/www.herbamed.ch\/fr\/wp-json\/wp\/v2\/types\/product"}],"wp:attachment":[{"href":"http:\/\/www.herbamed.ch\/fr\/wp-json\/wp\/v2\/media?parent=729"}],"wp:term":[{"taxonomy":"product_brand","embeddable":true,"href":"http:\/\/www.herbamed.ch\/fr\/wp-json\/wp\/v2\/product_brand?post=729"},{"taxonomy":"product_cat","embeddable":true,"href":"http:\/\/www.herbamed.ch\/fr\/wp-json\/wp\/v2\/product_cat?post=729"},{"taxonomy":"product_tag","embeddable":true,"href":"http:\/\/www.herbamed.ch\/fr\/wp-json\/wp\/v2\/product_tag?post=729"}],"curies":[{"name":"wp","href":"https:\/\/api.w.org\/{rel}","templated":true}]}}