{"id":715,"date":"2021-08-23T09:01:43","date_gmt":"2021-08-23T07:01:43","guid":{"rendered":"http:\/\/new.herbamed.ch\/?post_type=product&#038;p=715"},"modified":"2022-01-12T09:31:58","modified_gmt":"2022-01-12T08:31:58","slug":"ambra-grisea-o-d1","status":"publish","type":"product","link":"http:\/\/www.herbamed.ch\/fr\/produit-2\/ambra-grisea-o-d1\/","title":{"rendered":"Ambra grisea \u00d8 = D1"},"content":{"rendered":"<h3>Vorkommen und Beschreibung<\/h3>\n<p>Ambra grisea ist eine fettartige, undurchsichtige Masse von wachsartiger Konsitenz, die als pathologische Bildung des Pottwals anzusehen ist. Dabei kommt es in Verbindung mit Verdauungsst\u00f6rungen des Wales zur krankhaften Sekretion von Ambra grisea, die auf dem Meer schwimmend, eingesammelt wird. Dieses Ausscheidungsprodukt hat eine Schutzfunktion und soll verhindern, dass keine unverdaulichen Nahrungsbestandteile die Darmw\u00e4nde verletzen k\u00f6nnen.<\/p>\n<p>&nbsp;<\/p>\n<h3>Anwendung des Materials<\/h3>\n<p>Ambra grisea gilt als hom\u00f6opathisches Beruhigungsmittel und wird sehr h\u00e4ufig bei psychischen Beschwerden wie Nervosit\u00e4t, Ersch\u00f6pfungszust\u00e4nde, Vergesslichkeit und Demenz verabreicht, kann aber auch bei Schlaflosigkeit und Verstopfung eingenommen werden.<\/p>\n<p>&nbsp;<\/p>\n<h3>Quelle(n)<\/h3>\n<ul>\n<li>Karl Hiller: Lexikon der Arnzeipflanzen und Drogen<\/li>\n<li>Julius Mezger: gesichtete hom\u00f6opathische Arnzeimittellehre<\/li>\n<\/ul>","protected":false},"excerpt":{"rendered":"<p>Ambra grisea ist eine fettartige, undurchsichtige Masse von wachsartiger Konsitenz, die als pathologische Bildung des Pottwals anzusehen ist. Dabei kommt es in Verbindung mit Verdauungsst\u00f6rungen des Wales zur krankhaften Sekretion von Ambra grisea, die auf dem Meer schwimmend, eingesammelt wird.<\/p>","protected":false},"featured_media":0,"template":"","meta":{"_monsterinsights_skip_tracking":false,"_monsterinsights_sitenote_active":false,"_monsterinsights_sitenote_note":"","_monsterinsights_sitenote_category":0},"product_brand":[],"product_cat":[2119,27,25],"product_tag":[],"class_list":{"0":"post-715","1":"product","2":"type-product","3":"status-publish","5":"product_cat-b2b","6":"product_cat-urtinkturen","7":"product_cat-wirkstoffe","9":"first","10":"instock","11":"shipping-taxable","12":"purchasable","13":"product-type-simple"},"_links":{"self":[{"href":"http:\/\/www.herbamed.ch\/fr\/wp-json\/wp\/v2\/product\/715","targetHints":{"allow":["GET"]}}],"collection":[{"href":"http:\/\/www.herbamed.ch\/fr\/wp-json\/wp\/v2\/product"}],"about":[{"href":"http:\/\/www.herbamed.ch\/fr\/wp-json\/wp\/v2\/types\/product"}],"wp:attachment":[{"href":"http:\/\/www.herbamed.ch\/fr\/wp-json\/wp\/v2\/media?parent=715"}],"wp:term":[{"taxonomy":"product_brand","embeddable":true,"href":"http:\/\/www.herbamed.ch\/fr\/wp-json\/wp\/v2\/product_brand?post=715"},{"taxonomy":"product_cat","embeddable":true,"href":"http:\/\/www.herbamed.ch\/fr\/wp-json\/wp\/v2\/product_cat?post=715"},{"taxonomy":"product_tag","embeddable":true,"href":"http:\/\/www.herbamed.ch\/fr\/wp-json\/wp\/v2\/product_tag?post=715"}],"curies":[{"name":"wp","href":"https:\/\/api.w.org\/{rel}","templated":true}]}}