{"id":1565,"date":"2021-08-23T09:12:41","date_gmt":"2021-08-23T07:12:41","guid":{"rendered":"http:\/\/new.herbamed.ch\/?post_type=product&#038;p=1565"},"modified":"2022-01-12T09:28:38","modified_gmt":"2022-01-12T08:28:38","slug":"sulfur-comp-ad-us-vet-mauke","status":"publish","type":"product","link":"http:\/\/www.herbamed.ch\/fr\/produit-2\/sulfur-comp-ad-us-vet-mauke\/","title":{"rendered":"Sulfur comp. ad us. vet. (Mauke)"},"content":{"rendered":"<p>Sulfur comp. ad us. vet. (Mauke)<\/p>","protected":false},"excerpt":{"rendered":"<p>Ingr\u00e9dients :<br \/>\nSulfur C30 Sulfur D12<br \/>\nSymphytum officinalis (Symphytum) D8<br \/>\nMercurius solubilis C30<br \/>\nLachesis muta D8<br \/>\nPyrogenium D30<br \/>\nHepar sulfuris D10<br \/>\nHepar sulfuris C30<br \/>\nTarantula cubensis (=Eurypelma spinicrus) D15<br \/>\nAcidum silicicum (Silicea) D12<br \/>\nAcidum silicicum (Silicea) C30<br \/>\nCalcium fluoratum C30<br \/>\nCalendula officinalis C7<\/p>\n<p>Le mildiou est souvent un probl\u00e8me de peau g\u00eanant et difficilement traitable chez les chevaux. Toutes sortes de pommades sont disponibles sur le march\u00e9. L'\u00e9tiologie de ce complexe de sympt\u00f4mes reste largement incertaine. Comme de nombreux autres rem\u00e8des, celui-ci est \u00e9galement n\u00e9 d'une urgence th\u00e9rapeutique. Le complexe d\u00e9j\u00e0 existant de Tarantula cubensis a servi de base. Le Symphytum et le soufre ont \u00e9t\u00e9 ajout\u00e9s comme sp\u00e9cifiques de la peau. Souvent, les mallenders pr\u00e9sentent \u00e9galement une image purulente cro\u00fbteuse ; cela a conduit \u00e0 l'ajout de Mercurius solubilis. Le calendula, enfin, est le classique des plaies qui cicatrisent mal. Avec ce complexe, la plupart des bosses farineuses disparaissent. L'important, avec cette th\u00e9rapie, est de laisser la zone affect\u00e9e tranquille. Cela signifie qu'il ne faut plus toucher les cro\u00fbtes existantes, et en aucun cas les gratter. Les pommades et les d\u00e9sinfectants n'ont pas non plus leur place ici. Seul un jet d'eau doux doit et peut \u00eatre utilis\u00e9 pour le rin\u00e7age.<\/p>\n<p>Art<br \/>\nM\u00e9decine v\u00e9t\u00e9rinaire \/ ad us vet.<\/p>\n<p class=\"translation-block\">R\u00e9cipient<br>Flacon lanceur de 100 ml<\/p>\n<p>Approbation<br \/>\n412541<\/p>\n<p>Indications<br \/>\nLes mamans du cheval. Comme m\u00e9dicament de soutien en cas de boiterie moisie (2 fois 2ml par jour) ou en cas de \"maladie des fraises\" chez les bovins (2 fois 3ml par jour) ou dans l'abreuvoir 10ml pour 1000 litres. Ce rem\u00e8de a \u00e9galement fait ses preuves chez les chats pr\u00e9sentant une perte de poils au niveau du cou (Syndrome de la Guillotine).<\/p>\n<p>Dosage<br \/>\nCheval : 2 fois 3 ml par jour pendant 2 \u00e0 3 semaines<\/p>","protected":false},"featured_media":1563,"template":"","meta":{"_monsterinsights_skip_tracking":false,"_monsterinsights_sitenote_active":false,"_monsterinsights_sitenote_note":"","_monsterinsights_sitenote_category":0},"product_brand":[],"product_cat":[2119,24],"product_tag":[],"class_list":{"0":"post-1565","1":"product","2":"type-product","3":"status-publish","4":"has-post-thumbnail","6":"product_cat-b2b","7":"product_cat-tierarzneimittel","9":"first","10":"instock","11":"shipping-taxable","12":"purchasable","13":"product-type-simple"},"_links":{"self":[{"href":"http:\/\/www.herbamed.ch\/fr\/wp-json\/wp\/v2\/product\/1565","targetHints":{"allow":["GET"]}}],"collection":[{"href":"http:\/\/www.herbamed.ch\/fr\/wp-json\/wp\/v2\/product"}],"about":[{"href":"http:\/\/www.herbamed.ch\/fr\/wp-json\/wp\/v2\/types\/product"}],"wp:featuredmedia":[{"embeddable":true,"href":"http:\/\/www.herbamed.ch\/fr\/wp-json\/wp\/v2\/media\/1563"}],"wp:attachment":[{"href":"http:\/\/www.herbamed.ch\/fr\/wp-json\/wp\/v2\/media?parent=1565"}],"wp:term":[{"taxonomy":"product_brand","embeddable":true,"href":"http:\/\/www.herbamed.ch\/fr\/wp-json\/wp\/v2\/product_brand?post=1565"},{"taxonomy":"product_cat","embeddable":true,"href":"http:\/\/www.herbamed.ch\/fr\/wp-json\/wp\/v2\/product_cat?post=1565"},{"taxonomy":"product_tag","embeddable":true,"href":"http:\/\/www.herbamed.ch\/fr\/wp-json\/wp\/v2\/product_tag?post=1565"}],"curies":[{"name":"wp","href":"https:\/\/api.w.org\/{rel}","templated":true}]}}