{"id":1544,"date":"2021-08-23T09:12:12","date_gmt":"2021-08-23T07:12:12","guid":{"rendered":"http:\/\/new.herbamed.ch\/?post_type=product&#038;p=1544"},"modified":"2022-01-12T09:28:39","modified_gmt":"2022-01-12T08:28:39","slug":"arnica-comp-ad-us-vet-rr-rescue-remedy-schlagmittel","status":"publish","type":"product","link":"http:\/\/www.herbamed.ch\/fr\/produit-2\/arnica-comp-ad-us-vet-rr-rescue-remedy-schlagmittel\/","title":{"rendered":"Arnica comp. ad us. vet. (RR Rescue Remedy, rem\u00e8de \u00e0 percussion)"},"content":{"rendered":"<p>Arnica comp. ad us. vet. (RR Rescue Remedy, rem\u00e8de \u00e0 percussion)<\/p>","protected":false},"excerpt":{"rendered":"<p>Ingr\u00e9dients :<br \/>\nArnica montana D4<br \/>\nSymphytum officinalis (Symphytum) D8<br \/>\nToxicodendron quercifolium (Rhus toxicodendron) C30<br \/>\nRuta graveolens (Ruta) C200<br \/>\nHypericum perforatum (Hypericum) C30<br \/>\nLedum palustre D12<\/p>\n<p>Ce rem\u00e8de a une histoire qui lui est propre. Au d\u00e9but des ann\u00e9es 90, une vache particuli\u00e8rement inamicale m'a donn\u00e9 un tel coup de pied que j'ai vol\u00e9 sur plusieurs m\u00e8tres \u00e0 travers la stalle libre. J'ai eu un v\u00e9ritable choc et un gros h\u00e9matome sur la cuisse droite. Aujourd'hui, 15 ans plus tard, il y a toujours une bosse sur ma jambe. Pour continuer \u00e0 travailler apr\u00e8s ce \"vol\", je me suis pr\u00e9par\u00e9 le cocktail ci-dessus. Et voil\u00e0, oh miracle, je n'avais presque aucune douleur, m\u00eame la nuit suivante. Cette exp\u00e9rience \u00e9tait une raison suffisante pour inclure cette combinaison fermement dans mon r\u00e9pertoire. En 15 ans de pratique, cette pr\u00e9paration a fait mille fois ses preuves et est appel\u00e9e \"Schlagmittel\" par un ami mar\u00e9chal-ferrant en raison de son exp\u00e9rience personnelle. On peut l'appeler un rem\u00e8de d'urgence. Tous les composants susmentionn\u00e9s ont d\u00e9j\u00e0, individuellement, un bon effet sur les coups et les blessures. Ensemble, leur effet est encore plus potentialis\u00e9. Les puissances D relativement faibles sont compens\u00e9es par les puissances D \u00e9lev\u00e9es.<br \/>\nLes puissances C se compl\u00e8tent extr\u00eamement bien et produisent un effet merveilleusement harmonieux. L'effet sur les yeux lorsqu'il est utilis\u00e9 par voie orale avec l'Euphraise est \u00e9tonnant. Apparemment, le m\u00e9dicament agit en continu via le liquide lacrymal.<\/p>\n<p>Art<br \/>\nM\u00e9decine v\u00e9t\u00e9rinaire \/ ad us vet.<\/p>\n<p>Container<br \/>\nR\u00e9cipient Flacon lanceur de 100 ml<br \/>\nFlacon compte-gouttes de 50 ml<\/p>\n<p>Approbation<\/p>\n<p>Indications<br \/>\nStrokes ; ouvert ou couvert. Choc ; avant et apr\u00e8s les op\u00e9rations. Des saignements.<br \/>\nBr\u00fblures cutan\u00e9es : en plus du traitement oral, faire couler imm\u00e9diatement quelques gouttes directement sur la zone br\u00fbl\u00e9e, \u00e0 plusieurs reprises.<\/p>\n<p>Dosage<br \/>\nInitialement : 2-10 ml selon la taille de l'animal ; puis quotidiennement 2-6 fois 1-3 ml.<\/p>\n<p>Combinaisons<br \/>\nCombinaisons avec d'autres rem\u00e8des : Blessures et autres maladies des yeux avec Euphrasia officinalis C6. Dosage : 0,5-1 ml 2-4 fois par jour. Avant et apr\u00e8s les accouchements lourds, avec Lachesis muta comp. ad us. vet. H\u00e9matome du pis : avec Phytolacca comp. ad us. vet. et Calcium fluoratum comp. ad us. vet. Dans le panaris, avec Tarantula cub. comp. ad us. vet. Dans les \u00e9coulements oculaires purulents d'\u00e9t\u00e9 chez le cheval, avec Tarantula cub. comp. ad us. vet. et Euphrasia (1 \u00e0 3 ml chacun par voie orale). En cas de traumatisme grave, avec Berberis aquifolium comp. ad us. vet. pour pr\u00e9venir le choc r\u00e9nal. Pour la r\u00e9sorption des h\u00e9matomes avec Calcium fluoratum comp. ad us. vet. Pour le dosage et la quantit\u00e9 des complexes combin\u00e9s, sauf indication contraire, voir le dosage des pr\u00e9parations complexes indiqu\u00e9es.<\/p>","protected":false},"featured_media":1563,"template":"","meta":{"_monsterinsights_skip_tracking":false,"_monsterinsights_sitenote_active":false,"_monsterinsights_sitenote_note":"","_monsterinsights_sitenote_category":0},"product_brand":[],"product_cat":[2119,24],"product_tag":[],"class_list":{"0":"post-1544","1":"product","2":"type-product","3":"status-publish","4":"has-post-thumbnail","6":"product_cat-b2b","7":"product_cat-tierarzneimittel","9":"first","10":"instock","11":"shipping-taxable","12":"purchasable","13":"product-type-simple"},"_links":{"self":[{"href":"http:\/\/www.herbamed.ch\/fr\/wp-json\/wp\/v2\/product\/1544","targetHints":{"allow":["GET"]}}],"collection":[{"href":"http:\/\/www.herbamed.ch\/fr\/wp-json\/wp\/v2\/product"}],"about":[{"href":"http:\/\/www.herbamed.ch\/fr\/wp-json\/wp\/v2\/types\/product"}],"wp:featuredmedia":[{"embeddable":true,"href":"http:\/\/www.herbamed.ch\/fr\/wp-json\/wp\/v2\/media\/1563"}],"wp:attachment":[{"href":"http:\/\/www.herbamed.ch\/fr\/wp-json\/wp\/v2\/media?parent=1544"}],"wp:term":[{"taxonomy":"product_brand","embeddable":true,"href":"http:\/\/www.herbamed.ch\/fr\/wp-json\/wp\/v2\/product_brand?post=1544"},{"taxonomy":"product_cat","embeddable":true,"href":"http:\/\/www.herbamed.ch\/fr\/wp-json\/wp\/v2\/product_cat?post=1544"},{"taxonomy":"product_tag","embeddable":true,"href":"http:\/\/www.herbamed.ch\/fr\/wp-json\/wp\/v2\/product_tag?post=1544"}],"curies":[{"name":"wp","href":"https:\/\/api.w.org\/{rel}","templated":true}]}}