{"id":1106,"date":"2021-08-23T09:06:42","date_gmt":"2021-08-23T07:06:42","guid":{"rendered":"http:\/\/new.herbamed.ch\/?post_type=product&#038;p=1106"},"modified":"2022-01-12T09:29:02","modified_gmt":"2022-01-12T08:29:02","slug":"solidin-blasen-nierentropfen","status":"publish","type":"product","link":"http:\/\/www.herbamed.ch\/fr\/produit-2\/solidin-blasen-nierentropfen\/","title":{"rendered":"Solidin &#8211; Blasen-Nierentropfen"},"content":{"rendered":"<p>Solidin ist die pflanzliche Unterst\u00fctzung zur Behandlung von Gicht und Erkrankungen des Harntraktes, wie z.B.:<\/p>\n<ul>\n<li>Reizblase<\/li>\n<li>Stress bedingte Inkontinenz<\/li>\n<li>Blasenentz\u00fcndung<\/li>\n<li>Nierensteine<\/li>\n<\/ul>\n<p>es unterst\u00fctzt die Behandlung von<\/p>\n<ul>\n<li>Blasen- und Nierenbeckenentz\u00fcndung<\/li>\n<li>Prostata Hyperplasie<\/li>\n<\/ul>\n<p>Solidin ist ein wirksames pflanzliches Arzneimittel ohne Nebenwirkungen.<\/p>\n<h3>Composition<\/h3>\n<p>1 ml enth\u00e4lt: Solidago virgaurea \u00d8 0.50 ml, Arctostaphylos uva ursi \u00d8 0.20 ml, Echinacea purpurea \u00d8 0.20 ml, Orthosiphon stamineus \u00d8 0.10 ml. Enth\u00e4lt 57 Vol. % Alkohol (Ethanol).<\/p>\n<h3>Domaines d'application<\/h3>\n<p>Bei Blasenbeschwerden, Katarrhen von Blase und Nieren, bei vergeblichem Harndrang, Stress bedingter Inkontinenz und Gicht.<\/p>\n<h3>Dosage<\/h3>\n<p>3 mal t\u00e4glich 20 Tropfen mit Wasser einnehmen. Es wird empfohlen viel zu Trinken um den diuretischen Effekt zu maximieren.<\/p>\n<h3>Kontraindikationen \/ Anwendungsbeschr\u00e4nkungen<\/h3>\n<p>In Schwangerschaft und Stillzeit nicht einnehmen, Alkoholgehalt. Nicht bei einer bereits bestehenden chronischen kardiovaskul\u00e4ren Erkrankung oder bei einer bestehenden Nierenkrankheit einnehmen.<\/p>\n<h3>Effets secondaires<\/h3>\n<p>Keine bekannt.<\/p>","protected":false},"excerpt":{"rendered":"<p>Solidin ist die pflanzliche Unterst\u00fctzung zur Behandlung von Gicht und Erkrankungen des Harntraktes, wie z.B.:<\/p>\n<ul>\n<li>Reizblase<\/li>\n<li>Stress bedingte Inkontinenz<\/li>\n<li>Blasenentz\u00fcndung<\/li>\n<li>Nierensteine<\/li>\n<\/ul>\n<p>es unterst\u00fctzt die Behandlung von<\/p>\n<ul>\n<li>Blasen- und Nierenbeckenentz\u00fcndung<\/li>\n<li>Prostata Hyperplasie<\/li>\n<\/ul>","protected":false},"featured_media":1156,"template":"","meta":{"_monsterinsights_skip_tracking":false,"_monsterinsights_sitenote_active":false,"_monsterinsights_sitenote_note":"","_monsterinsights_sitenote_category":0},"product_brand":[],"product_cat":[19,2119,21],"product_tag":[],"class_list":{"0":"post-1106","1":"product","2":"type-product","3":"status-publish","4":"has-post-thumbnail","6":"product_cat-arzneimittel","7":"product_cat-b2b","8":"product_cat-pflanzlich","10":"first","11":"instock","12":"shipping-taxable","13":"purchasable","14":"product-type-simple"},"_links":{"self":[{"href":"http:\/\/www.herbamed.ch\/fr\/wp-json\/wp\/v2\/product\/1106","targetHints":{"allow":["GET"]}}],"collection":[{"href":"http:\/\/www.herbamed.ch\/fr\/wp-json\/wp\/v2\/product"}],"about":[{"href":"http:\/\/www.herbamed.ch\/fr\/wp-json\/wp\/v2\/types\/product"}],"wp:featuredmedia":[{"embeddable":true,"href":"http:\/\/www.herbamed.ch\/fr\/wp-json\/wp\/v2\/media\/1156"}],"wp:attachment":[{"href":"http:\/\/www.herbamed.ch\/fr\/wp-json\/wp\/v2\/media?parent=1106"}],"wp:term":[{"taxonomy":"product_brand","embeddable":true,"href":"http:\/\/www.herbamed.ch\/fr\/wp-json\/wp\/v2\/product_brand?post=1106"},{"taxonomy":"product_cat","embeddable":true,"href":"http:\/\/www.herbamed.ch\/fr\/wp-json\/wp\/v2\/product_cat?post=1106"},{"taxonomy":"product_tag","embeddable":true,"href":"http:\/\/www.herbamed.ch\/fr\/wp-json\/wp\/v2\/product_tag?post=1106"}],"curies":[{"name":"wp","href":"https:\/\/api.w.org\/{rel}","templated":true}]}}