{"id":969,"date":"2021-08-23T09:04:57","date_gmt":"2021-08-23T07:04:57","guid":{"rendered":"http:\/\/new.herbamed.ch\/?post_type=product&#038;p=969"},"modified":"2022-01-12T09:29:12","modified_gmt":"2022-01-12T08:29:12","slug":"cardiospermum-halicacabum-o","status":"publish","type":"product","link":"http:\/\/www.herbamed.ch\/en\/product-2\/cardiospermum-halicacabum-o\/","title":{"rendered":"Cardiospermum halicacabum \u00d8"},"content":{"rendered":"<h3>Vorkommen und Beschrebung<\/h3>\n<p>Cardiospermum halicacabum ist eine Pflanze die in Indien, Afrika und S\u00fcdamerika weit verbreitet ist. Das Seifenbaumgew\u00e4chs (Sapindaceae) ist eine einj\u00e4hrige Kletterpflanze (Schlingpflanze). Als solche wird Cardiospermum halicacabum 1.5-4m hoch nach Bildung der h\u00fcbschen, runden Samen mit der charakteristischen Herzzeichnung stirbt Cardiospermum halicacabum gew\u00f6hnlich ab. Die Samen wachsen in einer Ballonartig aufgetriebenen H\u00fclle. Cardiospermum halicacabum bevorzugt helle sonnige und warme Pl\u00e4tze auf sandigen gut durchl\u00e4ssigen B\u00f6den. Trockenheit mag Cardiospermum halicacabum gar nicht und braucht eher n\u00e4hrstoffreiche B\u00f6den. Wenn diese Bedingungen stimmen kann Cardiospermum halicacabum auch in unseren Breitengraden angebaut werden. Die Bl\u00e4tter sind sehr filigran, die unscheinbaren weisslichen Bl\u00fcten befinden sich in den Blattachseln.<\/p>\n<p>&nbsp;<\/p>\n<h3>Anwendung der Pflanze<\/h3>\n<p>Cardiospermum halicacabum wird zum ersten Mal von Leonhard Fuchs 1543 erw\u00e4hnt. In Afrika wurde Cardiospermum halicacabum bei Verdauungsbeschwerden und als Antirheumatika aber auch bei Kopfschmerzen und sogar bei Syphilis kam die Pflanze zum Einsatz. In Indien lag der Fokus eher bei der Anregung der Wehen und Milchbildung. In Brasilien wurde die Pflanze bei Hautschuppen empfohlen. Erst in den 50er Jahren des letzten Jahrhunderts kam Cardiospermum halicacabum ins Zentrum der Pflanzenforscher. Bei Forschungen konnte aufgrund der Inhaltsstoffe folgende Eigenschaften nachgewiesen werden: antiphlogistisch, antiekzemat\u00f6s und juckreizstillend. Sie setzt an der Arachidons\u00e4urekaskade an, die oft bei Ekzematikern verschiedenster Genese nicht funktioniert. Dies macht Cardiospermum halicacabum zur ersten Wahl bei Ekzemen aller Art insbesondere wenn diese mit Juckreiz verbunden sind. Allergische (Kontakt-)Ekzeme wie auch seborrhoische, mikrobielle, Exsikations- und Stauungsekzeme, aber auch Insektenstiche und selbst um den Feuchtigkeitshaushalt im Allgemeinen zu verbessern kann von Cardiospermum halicacabum profitiert werden.<\/p>\n<p>&nbsp;<\/p>\n<h3>Quelle(n)<\/h3>\n<ul>\n<li><a href=\"https:\/\/www.pflanzenreich.com\/enzyklopaedie\/cardiospermum-halicacabum\/\">https:\/\/www.pflanzenreich.com\/enzyklopaedie\/cardiospermum-halicacabum\/<\/a><\/li>\n<\/ul>","protected":false},"excerpt":{"rendered":"<p>Cardiospermum halicacabum ist eine Pflanze die in Indien, Afrika und S\u00fcdamerika weit verbreitet ist. Das Seifenbaumgew\u00e4chs (Sapindaceae) ist eine einj\u00e4hrige Kletterpflanze (Schlingpflanze). Als solche wird Cardiospermum halicacabum 1.5-4m hoch nach Bildung der h\u00fcbschen, runden Samen mit der charakteristischen Herzzeichnung stirbt Cardiospermum halicacabum gew\u00f6hnlich ab.<\/p>","protected":false},"featured_media":1017,"template":"","meta":{"_monsterinsights_skip_tracking":false,"_monsterinsights_sitenote_active":false,"_monsterinsights_sitenote_note":"","_monsterinsights_sitenote_category":0},"product_brand":[],"product_cat":[2119,27,25],"product_tag":[],"class_list":{"0":"post-969","1":"product","2":"type-product","3":"status-publish","4":"has-post-thumbnail","6":"product_cat-b2b","7":"product_cat-urtinkturen","8":"product_cat-wirkstoffe","10":"first","11":"instock","12":"shipping-taxable","13":"purchasable","14":"product-type-simple"},"_links":{"self":[{"href":"http:\/\/www.herbamed.ch\/en\/wp-json\/wp\/v2\/product\/969","targetHints":{"allow":["GET"]}}],"collection":[{"href":"http:\/\/www.herbamed.ch\/en\/wp-json\/wp\/v2\/product"}],"about":[{"href":"http:\/\/www.herbamed.ch\/en\/wp-json\/wp\/v2\/types\/product"}],"wp:featuredmedia":[{"embeddable":true,"href":"http:\/\/www.herbamed.ch\/en\/wp-json\/wp\/v2\/media\/1017"}],"wp:attachment":[{"href":"http:\/\/www.herbamed.ch\/en\/wp-json\/wp\/v2\/media?parent=969"}],"wp:term":[{"taxonomy":"product_brand","embeddable":true,"href":"http:\/\/www.herbamed.ch\/en\/wp-json\/wp\/v2\/product_brand?post=969"},{"taxonomy":"product_cat","embeddable":true,"href":"http:\/\/www.herbamed.ch\/en\/wp-json\/wp\/v2\/product_cat?post=969"},{"taxonomy":"product_tag","embeddable":true,"href":"http:\/\/www.herbamed.ch\/en\/wp-json\/wp\/v2\/product_tag?post=969"}],"curies":[{"name":"wp","href":"https:\/\/api.w.org\/{rel}","templated":true}]}}