{"id":894,"date":"2021-08-23T09:04:01","date_gmt":"2021-08-23T07:04:01","guid":{"rendered":"http:\/\/new.herbamed.ch\/?post_type=product&#038;p=894"},"modified":"2022-01-12T09:31:46","modified_gmt":"2022-01-12T08:31:46","slug":"artemisia-absinthium-o","status":"publish","type":"product","link":"http:\/\/www.herbamed.ch\/en\/product-2\/artemisia-absinthium-o\/","title":{"rendered":"Artemisia absinthium \u00d8"},"content":{"rendered":"<h3>Vorkommen und Beschreibung<\/h3>\n<p>Artemisia absinthium findet man in unseren Breitengraden auf \u00d6dland, an Felsen, Weinbergen, Wegr\u00e4ndern oft bis auf 2000 Meter H\u00f6he. Urspr\u00fcnglich soll die Pflanze aus Sibirien und dem Orient stammen. Artemisia absinthium verwildert gerne aus G\u00e4rten und ist darum fast \u00fcberall anzutreffen. Sie w\u00e4chst auf eher trockenen kargen Standorten kommt aber problemlos mit anderen z. B. fetten B\u00f6den wie sie in G\u00e4rten angetroffen werden zurecht, Hauptsache ihr wird ein sonniger Standort geboten. Die Literatur beschreibt Artemisia absinthium als schwierige Pflanze, die andere Pflanzen im Garten vertreibt. Erfahrungsgem\u00e4ss gibt es aber auch viele Pflanzen die gerne neben ihr wachsen. Selber oft von Parasiten befallen wirkt sie jedoch auf andere Pflanzen anti-parasit\u00e4r. Dieser Effekt wird gerne von anderen Pflanzen genutzt. Dank der filzigen H\u00e4rchen auf der ganzen Pflanze leuchtet sie von weitem und macht sie zu einer attraktiven Pflanze und einer Zierde des Gartens. Artemisia absinthium ist eine ausdauernde Pflanze und wird bis 80 cm hoch. Das Charakteristische Aroma und der bittere Geschmack machen die Pflanze unverwechselbar. Es handelt sich dabei um einen Korbbl\u00fctler. Die charakteristischen R\u00f6hrenbl\u00fcten sind gelb, unscheinbar und klein. Das Kraut wird w\u00e4hrend der Bl\u00fctezeit im Juli bis August gesammelt.<\/p>\n<h3>Anwendung der Pflanze<\/h3>\n<p>Artemisia absinthium ist eine sehr bittere, aromatische Pflanze. Als solche wirkt sie als breit anzuwendendes Stomatikum, karminativ, cholagog, spasmolytisch, antiparasit\u00e4r und emmenagog. Artemisia absinthium wird schon bei den alten \u00c4gyptern im Papyrus Ebers erw\u00e4hnt (1500 v. Ch.). Damals wie heute wird sie bei Verdauungsbeschwerden aller Art, Appetitlosigkeit, Magenbeschwerden, V\u00f6llegef\u00fchl, Sodbrennen, Leber- und Gallenbeschwerden eingesetzt. Bew\u00e4hrt hat sie sich auch als Mittel um lethargischen Menschen den n\u00f6tigen kick zu geben um sich daraus zu befreien. Neben letzterer Anwendung st\u00e4rkt sie auch die Nerven und kann bei psychischen Beschwerden aller Art eingesetzt werden. In der Hom\u00f6opathie wird Artemisia absinthium als Mittel bei Epilepsie empfohlen. Bei \u00dcberdosierung kann die Pflanze Aborte ausl\u00f6sen und psychedelische Halluzinationen hervorrufen.<\/p>","protected":false},"excerpt":{"rendered":"<p>Artemisia absinthium findet man in unseren Breitengraden auf \u00d6dland, an Felsen, Weinbergen, Wegr\u00e4ndern oft bis auf 2000 Meter H\u00f6he. Artemisia absinthium ist eine sehr bittere, aromatische Pflanze. Als solche wirkt sie als breit anzuwendendes Stomatikum, karminativ, cholagog, spasmolytisch, antiparasit\u00e4r und emmenagog.<\/p>","protected":false},"featured_media":940,"template":"","meta":{"_monsterinsights_skip_tracking":false,"_monsterinsights_sitenote_active":false,"_monsterinsights_sitenote_note":"","_monsterinsights_sitenote_category":0},"product_brand":[],"product_cat":[2119,27,25],"product_tag":[],"class_list":{"0":"post-894","1":"product","2":"type-product","3":"status-publish","4":"has-post-thumbnail","6":"product_cat-b2b","7":"product_cat-urtinkturen","8":"product_cat-wirkstoffe","10":"first","11":"instock","12":"shipping-taxable","13":"purchasable","14":"product-type-simple"},"_links":{"self":[{"href":"http:\/\/www.herbamed.ch\/en\/wp-json\/wp\/v2\/product\/894","targetHints":{"allow":["GET"]}}],"collection":[{"href":"http:\/\/www.herbamed.ch\/en\/wp-json\/wp\/v2\/product"}],"about":[{"href":"http:\/\/www.herbamed.ch\/en\/wp-json\/wp\/v2\/types\/product"}],"wp:featuredmedia":[{"embeddable":true,"href":"http:\/\/www.herbamed.ch\/en\/wp-json\/wp\/v2\/media\/940"}],"wp:attachment":[{"href":"http:\/\/www.herbamed.ch\/en\/wp-json\/wp\/v2\/media?parent=894"}],"wp:term":[{"taxonomy":"product_brand","embeddable":true,"href":"http:\/\/www.herbamed.ch\/en\/wp-json\/wp\/v2\/product_brand?post=894"},{"taxonomy":"product_cat","embeddable":true,"href":"http:\/\/www.herbamed.ch\/en\/wp-json\/wp\/v2\/product_cat?post=894"},{"taxonomy":"product_tag","embeddable":true,"href":"http:\/\/www.herbamed.ch\/en\/wp-json\/wp\/v2\/product_tag?post=894"}],"curies":[{"name":"wp","href":"https:\/\/api.w.org\/{rel}","templated":true}]}}