{"id":891,"date":"2021-08-23T09:04:01","date_gmt":"2021-08-23T07:04:01","guid":{"rendered":"http:\/\/new.herbamed.ch\/?post_type=product&#038;p=891"},"modified":"2022-01-12T09:31:45","modified_gmt":"2022-01-12T08:31:45","slug":"arnica-montana-ex-planta-tota-o","status":"publish","type":"product","link":"http:\/\/www.herbamed.ch\/en\/product-2\/arnica-montana-ex-planta-tota-o\/","title":{"rendered":"Arnica montana ex planta tota \u00d8"},"content":{"rendered":"<h3>Vorkommen und Beschreibung<\/h3>\n<p>Bei Arnica montana ex planta tota wird die ganze Pflanze samt Wurzel w\u00e4hrend der Bl\u00fctezeit gesammelt. Arnica montana ex planta tota w\u00e4chst 20-60cm hoch. Die Grundst\u00e4ndigen Bl\u00e4tter sind in einer Rosette. Am St\u00e4ngel befindet sich meistens nur ein Paar gegenst\u00e4ndig angeordnete Bl\u00e4tter. Ein Stiel bildet nur eine einzelne Bl\u00fcte aus. Die Bl\u00fcte von Arnica montana ex planta tota ist dunkelgelb und als Korbbl\u00fctler besteht sie aus R\u00f6hren- und Zungenbl\u00fcten. Die Bl\u00fcte macht immer einen etwas zerzausten Eindruck. Arnica montana ex planta tota ist eine typische Pflanze der Alpen. Als solche bevorzugt sie die magere Bergwiesen und Weiden und liebt auch saure Moorb\u00f6den. Weil diese Lebensr\u00e4ume immer seltener werden ist die Arnica montana ex planta tota auf der Liste der gef\u00e4hrdeten Pflanzen. Jedoch kann die Pflanze an ihrem nat\u00fcrlichen Standort gesammelt werden denn dort wo sie vorkommt ist Arnica montana ex planta tota sehr vermehrungsfreudig und der Bestand erholt sich schnell. Mittlerweile ist es gelungen Pflanzen mit hohem Wirkstoffgehalt zu Z\u00fcchten und Anzubauen.<\/p>\n<p>&nbsp;<\/p>\n<h3>Anwendung der Pflanze<\/h3>\n<p>Arnica montana ex planta tota wird vorwiegend nach anthroposophischen Grunds\u00e4tzen angewendet und oft in hom\u00f6opathischen Kompexmitteln verwendet. Der tiefe Alkoholgehalt von Arnica montana ex planta tota eignet sich besonders zur \u00e4usserlichen Anwendung f\u00fcr Umschl\u00e4ge und Kompressen die vor allem bei Hexenschuss, Rheuma, Schleimbeutel- und Sehnenscheidenentz\u00fcndungen, steifheit der Gelenke und auch bei Venenleiden.<\/p>","protected":false},"excerpt":{"rendered":"<p>Bei Arnica montana ex planta tota wird die ganze Pflanze samt Wurzel w\u00e4hrend der Bl\u00fctezeit gesammelt. Arnica montana ex planta tota w\u00e4chst 20-60cm hoch. Die Grundst\u00e4ndigen Bl\u00e4tter sind in einer Rosette. Am St\u00e4ngel befindet sich meistens nur ein Paar gegenst\u00e4ndig angeordnete Bl\u00e4tter.<\/p>","protected":false},"featured_media":920,"template":"","meta":{"_monsterinsights_skip_tracking":false,"_monsterinsights_sitenote_active":false,"_monsterinsights_sitenote_note":"","_monsterinsights_sitenote_category":0},"product_brand":[],"product_cat":[2119,27,25],"product_tag":[],"class_list":{"0":"post-891","1":"product","2":"type-product","3":"status-publish","4":"has-post-thumbnail","6":"product_cat-b2b","7":"product_cat-urtinkturen","8":"product_cat-wirkstoffe","10":"first","11":"instock","12":"shipping-taxable","13":"purchasable","14":"product-type-simple"},"_links":{"self":[{"href":"http:\/\/www.herbamed.ch\/en\/wp-json\/wp\/v2\/product\/891","targetHints":{"allow":["GET"]}}],"collection":[{"href":"http:\/\/www.herbamed.ch\/en\/wp-json\/wp\/v2\/product"}],"about":[{"href":"http:\/\/www.herbamed.ch\/en\/wp-json\/wp\/v2\/types\/product"}],"wp:featuredmedia":[{"embeddable":true,"href":"http:\/\/www.herbamed.ch\/en\/wp-json\/wp\/v2\/media\/920"}],"wp:attachment":[{"href":"http:\/\/www.herbamed.ch\/en\/wp-json\/wp\/v2\/media?parent=891"}],"wp:term":[{"taxonomy":"product_brand","embeddable":true,"href":"http:\/\/www.herbamed.ch\/en\/wp-json\/wp\/v2\/product_brand?post=891"},{"taxonomy":"product_cat","embeddable":true,"href":"http:\/\/www.herbamed.ch\/en\/wp-json\/wp\/v2\/product_cat?post=891"},{"taxonomy":"product_tag","embeddable":true,"href":"http:\/\/www.herbamed.ch\/en\/wp-json\/wp\/v2\/product_tag?post=891"}],"curies":[{"name":"wp","href":"https:\/\/api.w.org\/{rel}","templated":true}]}}