{"id":850,"date":"2021-08-23T09:03:33","date_gmt":"2021-08-23T07:03:33","guid":{"rendered":"http:\/\/new.herbamed.ch\/?post_type=product&#038;p=850"},"modified":"2022-01-12T09:31:48","modified_gmt":"2022-01-12T08:31:48","slug":"allium-cepa-o","status":"publish","type":"product","link":"http:\/\/www.herbamed.ch\/en\/product-2\/allium-cepa-o\/","title":{"rendered":"Allium cepa \u00d8"},"content":{"rendered":"<h3>Vorkommen und Beschreibung<\/h3>\n<p>Allium cepa, urspr\u00fcnglich aus Asien w\u00e4chst heute Weltweit und wird \u00fcberall als K\u00fcchengew\u00fcrz angebaut und gesch\u00e4tzt. Der Gebrauch von Allium cepa kann bis nach Babylon und ins alte \u00c4gypten zur\u00fcckverfolgt werden. Die Zwiebel selbst von Allium Cepa ist rund bis abgeflacht und der Durchmesser ist zwischen 2 und 10cm. Allium cepa bulbus kann verschiedene Farben aufweisen: weiss, braun oder r\u00f6tlich. Die Bl\u00e4tter sind r\u00f6hrig rund und blau-gr\u00fcn in der Farbe. Die Bl\u00e4tter wachsen bis 80cm hoch. Der Bl\u00fctenstand ist gr\u00fcnlich-weiss, kugelig dicht und kann einen Durchmesser bis 10 cm erreichen. Der r\u00f6hrige Bl\u00fctenschaft ist \u00e4hnlich wie die Bl\u00e4tter, unterhalb der Mitte bauchig aufgeblasen. Die Bl\u00fcte \u00fcberragt die Bl\u00e4tter und w\u00e4chst bis 120cm. Allium cepa wird als Heilpflanze wie auch als Nahrungsmittel gleichermassen gesch\u00e4tzt. Das Wissen um die gesundheitliche Wirkung von Allium cepa wurde schon bei den \u00c4gyptern genutzt. Den Sklaven die f\u00fcr die Pyramiden arbeiteten wurde eine grosse Menge an Allium cepa zur St\u00e4rkung und Gesunderhaltung zugewiesen. Am Gebrauch von Allium cepa hat sich in den letzten 6000 Jahren kaum etwas ge\u00e4ndert er wird bis heute wegen seiner positiven Eigenschaften gesch\u00e4tzt.<\/p>\n<p>&nbsp;<\/p>\n<h3>Anwendung der Pflanze<\/h3>\n<p>Allium cepa hemmt die Thrombozytenaggregation. Es liegt ein lipidsenkender wie auch blutdrucksenkender Effekt vor, was Allium cepa zu einem vorz\u00fcglichen Prophylaktikum bei altersbedingten Gef\u00e4ssver\u00e4nderungen macht. Bei Allium cepa konnte eine Cyclooxygenase nachgewiesen werden und gilt daher als zuverl\u00e4ssiges antiphlogistisches Mittel. Dieses Wirkprofil wird durch antibakterielle Effekte erg\u00e4nzt. In der Volksmedizin wird Allium cepa bei Appetitlosigkeit, Husten und Katarrhen der oberen Atemwege und bei zahlreichen anderen Krankheiten verwendet. Der Gebrauch von Allium cepa wird \u00e4usserlich wie innerlich empfohlen. In der Hom\u00f6opathie wird Allium cepa bei brennenden Beschwerden aller Art verwendet die mit reichlich klaren, w\u00e4ssrigen Absonderungen wie z.B. Schnupfen und Tr\u00e4nen einhergehen.<\/p>","protected":false},"excerpt":{"rendered":"<p>Allium cepa, urspr\u00fcnglich aus Asien w\u00e4chst heute Weltweit und wird \u00fcberall als K\u00fcchengew\u00fcrz angebaut und gesch\u00e4tzt. Der Gebrauch von Allium cepa kann bis nach Babylon und ins alte \u00c4gypten zur\u00fcckverfolgt werden. Die Zwiebel selbst von Allium Cepa ist rund bis abgeflacht und der Durchmesser ist zwischen 2 und 10cm.<\/p>","protected":false},"featured_media":880,"template":"","meta":{"_monsterinsights_skip_tracking":false,"_monsterinsights_sitenote_active":false,"_monsterinsights_sitenote_note":"","_monsterinsights_sitenote_category":0},"product_brand":[],"product_cat":[2119,27,25],"product_tag":[],"class_list":{"0":"post-850","1":"product","2":"type-product","3":"status-publish","4":"has-post-thumbnail","6":"product_cat-b2b","7":"product_cat-urtinkturen","8":"product_cat-wirkstoffe","10":"first","11":"instock","12":"shipping-taxable","13":"purchasable","14":"product-type-simple"},"_links":{"self":[{"href":"http:\/\/www.herbamed.ch\/en\/wp-json\/wp\/v2\/product\/850","targetHints":{"allow":["GET"]}}],"collection":[{"href":"http:\/\/www.herbamed.ch\/en\/wp-json\/wp\/v2\/product"}],"about":[{"href":"http:\/\/www.herbamed.ch\/en\/wp-json\/wp\/v2\/types\/product"}],"wp:featuredmedia":[{"embeddable":true,"href":"http:\/\/www.herbamed.ch\/en\/wp-json\/wp\/v2\/media\/880"}],"wp:attachment":[{"href":"http:\/\/www.herbamed.ch\/en\/wp-json\/wp\/v2\/media?parent=850"}],"wp:term":[{"taxonomy":"product_brand","embeddable":true,"href":"http:\/\/www.herbamed.ch\/en\/wp-json\/wp\/v2\/product_brand?post=850"},{"taxonomy":"product_cat","embeddable":true,"href":"http:\/\/www.herbamed.ch\/en\/wp-json\/wp\/v2\/product_cat?post=850"},{"taxonomy":"product_tag","embeddable":true,"href":"http:\/\/www.herbamed.ch\/en\/wp-json\/wp\/v2\/product_tag?post=850"}],"curies":[{"name":"wp","href":"https:\/\/api.w.org\/{rel}","templated":true}]}}