{"id":770,"date":"2021-08-23T09:02:18","date_gmt":"2021-08-23T07:02:18","guid":{"rendered":"http:\/\/new.herbamed.ch\/?post_type=product&#038;p=770"},"modified":"2022-01-12T09:31:52","modified_gmt":"2022-01-12T08:31:52","slug":"cuprum-aceticum-o-d2","status":"publish","type":"product","link":"http:\/\/www.herbamed.ch\/en\/product-2\/cuprum-aceticum-o-d2\/","title":{"rendered":"Cuprum aceticum \u00d8 = D2"},"content":{"rendered":"<h3>Vorkommen und Beschreibung<\/h3>\n<p>Cuprum aceticum ist ein Kupfersalz der Essigs\u00e4ure und findet Verwendung in der Hom\u00f6opathie sowie in einigen Augenarzneien.<\/p>\n<p>&nbsp;<\/p>\n<h3>Traditionelle Anwendung des Stoffes<\/h3>\n<p>Die hom\u00f6opathische Aufbereitung von Cuprucm aceticum wird bei Kr\u00e4mpfen im Zentralnervensystem und in der Muskulatur angewendet. Ebenso hilft es bei Fieberkr\u00e4mpfen und krampfartigen Magenschmerzen.<\/p>\n<p>&nbsp;<\/p>\n<h3>Quelle(n)<\/h3>\n<ul>\n<li><a href=\"http:\/\/www.hom\u00f6opathie-naturheilkunde.vitanet.de\" target=\"_blank\" rel=\"noopener noreferrer\">www.hom\u00f6opathie-naturheilkunde.vitanet.de<\/a><\/li>\n<\/ul>","protected":false},"excerpt":{"rendered":"<p>Cuprum aceticum ist ein Kupfersalz der Essigs\u00e4ure und findet Verwendung in der Hom\u00f6opathie sowie in einigen Augenarzneien.<\/p>","protected":false},"featured_media":810,"template":"","meta":{"_monsterinsights_skip_tracking":false,"_monsterinsights_sitenote_active":false,"_monsterinsights_sitenote_note":"","_monsterinsights_sitenote_category":0},"product_brand":[],"product_cat":[2119,27,25],"product_tag":[],"class_list":{"0":"post-770","1":"product","2":"type-product","3":"status-publish","4":"has-post-thumbnail","6":"product_cat-b2b","7":"product_cat-urtinkturen","8":"product_cat-wirkstoffe","10":"first","11":"instock","12":"shipping-taxable","13":"purchasable","14":"product-type-simple"},"_links":{"self":[{"href":"http:\/\/www.herbamed.ch\/en\/wp-json\/wp\/v2\/product\/770","targetHints":{"allow":["GET"]}}],"collection":[{"href":"http:\/\/www.herbamed.ch\/en\/wp-json\/wp\/v2\/product"}],"about":[{"href":"http:\/\/www.herbamed.ch\/en\/wp-json\/wp\/v2\/types\/product"}],"wp:featuredmedia":[{"embeddable":true,"href":"http:\/\/www.herbamed.ch\/en\/wp-json\/wp\/v2\/media\/810"}],"wp:attachment":[{"href":"http:\/\/www.herbamed.ch\/en\/wp-json\/wp\/v2\/media?parent=770"}],"wp:term":[{"taxonomy":"product_brand","embeddable":true,"href":"http:\/\/www.herbamed.ch\/en\/wp-json\/wp\/v2\/product_brand?post=770"},{"taxonomy":"product_cat","embeddable":true,"href":"http:\/\/www.herbamed.ch\/en\/wp-json\/wp\/v2\/product_cat?post=770"},{"taxonomy":"product_tag","embeddable":true,"href":"http:\/\/www.herbamed.ch\/en\/wp-json\/wp\/v2\/product_tag?post=770"}],"curies":[{"name":"wp","href":"https:\/\/api.w.org\/{rel}","templated":true}]}}