{"id":768,"date":"2021-08-23T09:02:18","date_gmt":"2021-08-23T07:02:18","guid":{"rendered":"http:\/\/new.herbamed.ch\/?post_type=product&#038;p=768"},"modified":"2022-01-12T09:31:53","modified_gmt":"2022-01-12T08:31:53","slug":"cucurbita-pepo-o","status":"publish","type":"product","link":"http:\/\/www.herbamed.ch\/en\/product-2\/cucurbita-pepo-o\/","title":{"rendered":"Cucurbita pepo \u00d8"},"content":{"rendered":"<h3>Vorkommen und Beschreibung<\/h3>\n<p>Cucurbita pepo stammt urspr\u00fcnglich aus Texas und ist ein einj\u00e4hriges K\u00fcrbisgew\u00e4chs mit Schlingpflanzen \u00e4hnlichen Eigenschaften. Cucurbita pepo kann bis zu 40cm hoch wachsen, mag nahrhaften Boden und volle Sonneneinstrahlung. Die Pflanze ist \u00e4usserst n\u00e4hrstoffreich und wird seit jeher besonders in Verbindung gebracht mit Sexualit\u00e4t und Liebesf\u00e4higkeit.<\/p>\n<p>&nbsp;<\/p>\n<h3>Traditionelle Anwendung der Pflanze<\/h3>\n<p>Cucurbita pepo stammt urspr\u00fcnglich aus Texas und ist ein einj\u00e4hriges K\u00fcrbisgew\u00e4chs mit Schlingpflanzen \u00e4hnlichen Eigenschaften. Cucurbita pepo kann bis zu 40cm hoch wachsen, mag nahrhaften Boden und volle Sonneneinstrahlung. Die Pflanze ist \u00e4usserst n\u00e4hrstoffreich und wird seit jeher besonders in Verbindung gebracht mit Sexualit\u00e4t und Liebesf\u00e4higkeit.<\/p>\n<p>&nbsp;<\/p>\n<h3>Quelle(n)<\/h3>\n<ul>\n<li>Siegrid Hirsch&amp;Felix Gr\u00fcnberger: die Kr\u00e4uter in meinem Garte<\/li>\n<li>M. Pahlow: das grosse Buch der Heilpflanzen<\/li>\n<\/ul>","protected":false},"excerpt":{"rendered":"<p>Cucurbita pepo stammt urspr\u00fcnglich aus Texas und ist ein einj\u00e4hriges K\u00fcrbisgew\u00e4chs mit Schlingpflanzen \u00e4hnlichen Eigenschaften. Cucurbita pepo kann bis zu 40cm hoch wachsen, mag nahrhaften Boden und volle Sonneneinstrahlung. Die Pflanze ist \u00e4usserst n\u00e4hrstoffreich und wird seit jeher besonders in Verbindung gebracht mit Sexualit\u00e4t und Liebesf\u00e4higkeit.<\/p>","protected":false},"featured_media":808,"template":"","meta":{"_monsterinsights_skip_tracking":false,"_monsterinsights_sitenote_active":false,"_monsterinsights_sitenote_note":"","_monsterinsights_sitenote_category":0},"product_brand":[],"product_cat":[2119,27,25],"product_tag":[],"class_list":{"0":"post-768","1":"product","2":"type-product","3":"status-publish","4":"has-post-thumbnail","6":"product_cat-b2b","7":"product_cat-urtinkturen","8":"product_cat-wirkstoffe","10":"first","11":"instock","12":"shipping-taxable","13":"purchasable","14":"product-type-simple"},"_links":{"self":[{"href":"http:\/\/www.herbamed.ch\/en\/wp-json\/wp\/v2\/product\/768","targetHints":{"allow":["GET"]}}],"collection":[{"href":"http:\/\/www.herbamed.ch\/en\/wp-json\/wp\/v2\/product"}],"about":[{"href":"http:\/\/www.herbamed.ch\/en\/wp-json\/wp\/v2\/types\/product"}],"wp:featuredmedia":[{"embeddable":true,"href":"http:\/\/www.herbamed.ch\/en\/wp-json\/wp\/v2\/media\/808"}],"wp:attachment":[{"href":"http:\/\/www.herbamed.ch\/en\/wp-json\/wp\/v2\/media?parent=768"}],"wp:term":[{"taxonomy":"product_brand","embeddable":true,"href":"http:\/\/www.herbamed.ch\/en\/wp-json\/wp\/v2\/product_brand?post=768"},{"taxonomy":"product_cat","embeddable":true,"href":"http:\/\/www.herbamed.ch\/en\/wp-json\/wp\/v2\/product_cat?post=768"},{"taxonomy":"product_tag","embeddable":true,"href":"http:\/\/www.herbamed.ch\/en\/wp-json\/wp\/v2\/product_tag?post=768"}],"curies":[{"name":"wp","href":"https:\/\/api.w.org\/{rel}","templated":true}]}}