{"id":765,"date":"2021-08-23T09:02:17","date_gmt":"2021-08-23T07:02:17","guid":{"rendered":"http:\/\/new.herbamed.ch\/?post_type=product&#038;p=765"},"modified":"2022-01-12T09:31:53","modified_gmt":"2022-01-12T08:31:53","slug":"crataegus-o","status":"publish","type":"product","link":"http:\/\/www.herbamed.ch\/en\/product-2\/crataegus-o\/","title":{"rendered":"Crataegus \u00d8"},"content":{"rendered":"<h3>Vorkommen und Beschreibung<\/h3>\n<p>Bei Crataegus handelt es sich um verschiedene Arten. Da sie sich untereinander kreuzen ist eine genaue Bestimmung schwierig und von der Heilwirkung her auch nicht n\u00f6tig da sich die Heilwirkung der zwei einheimischen Crataegus-Arten nicht unterscheiden. Es handelt sich um einen bis 4m hohen dicht verzweigen und bebl\u00e4tterten Strauch mit Dornen. Crataegus geh\u00f6rt zu der grossen Familie der Rosengew\u00e4chse (Rosaceae). Die ca 3cm langen Bl\u00e4tter sind 3-5lappig an der Oberseite dunkelgr\u00fcn und an der Unterseite hellgr\u00fcn bis bl\u00e4ulich. Die weissen Bl\u00fcten erscheint nach den Bl\u00e4ttern ende Mai und stehen in aufrechten Doldenrispen. Ihr Geruch ist bet\u00f6rend, nach Fisch oder Aas stinkend um Fliegen f\u00fcr die Befruchtung anzulocken. Die Fr\u00fcchte sind rot und kugelig bis eif\u00f6rmig 6-10mm gross mit 1-3 Steinkernen. Crataegus w\u00e4chst als typische Heckenpflanze am Waldrand, in lichten W\u00e4ldern, an sonnigen H\u00e4ngen und in Hecken.Es gilt zu beachten, dass Hecken fr\u00fcher einen grossen Stellenwert hatten und zur Abgrenzung sowie zum Schutz dienten. Sei es um Weiden herum, um die Haustiere einzuz\u00e4unen oder um sein eigenes Heim und den Garten vor Wild- bzw. Raubtieren zu sch\u00fctzen. Damit hatten Hecken auch eine grosse mythologische Bedeutung nicht nur um Wildtiere zu vertreiben sondern auch um Krankheitsd\u00e4monen und andere b\u00f6se Geister abzuhalten.<\/p>\n<p>&nbsp;<\/p>","protected":false},"excerpt":{"rendered":"<p>Vorkommen und Beschreibung Bei Crataegus handelt es sich um verschiedene Arten. Da sie sich untereinander kreuzen ist eine genaue Bestimmung schwierig und von der Heilwirkung her auch nicht n\u00f6tig da sich die Heilwirkung der zwei einheimischen Crataegus-Arten nicht unterscheiden. Es handelt sich um einen bis 4m hohen dicht verzweigen und bebl\u00e4tterten Strauch mit Dornen. Crataegus [&hellip;]<\/p>\n","protected":false},"featured_media":0,"template":"","meta":{"_monsterinsights_skip_tracking":false,"_monsterinsights_sitenote_active":false,"_monsterinsights_sitenote_note":"","_monsterinsights_sitenote_category":0},"product_brand":[],"product_cat":[2119,27,25],"product_tag":[],"class_list":{"0":"post-765","1":"product","2":"type-product","3":"status-publish","5":"product_cat-b2b","6":"product_cat-urtinkturen","7":"product_cat-wirkstoffe","9":"first","10":"instock","11":"shipping-taxable","12":"purchasable","13":"product-type-simple"},"_links":{"self":[{"href":"http:\/\/www.herbamed.ch\/en\/wp-json\/wp\/v2\/product\/765","targetHints":{"allow":["GET"]}}],"collection":[{"href":"http:\/\/www.herbamed.ch\/en\/wp-json\/wp\/v2\/product"}],"about":[{"href":"http:\/\/www.herbamed.ch\/en\/wp-json\/wp\/v2\/types\/product"}],"wp:attachment":[{"href":"http:\/\/www.herbamed.ch\/en\/wp-json\/wp\/v2\/media?parent=765"}],"wp:term":[{"taxonomy":"product_brand","embeddable":true,"href":"http:\/\/www.herbamed.ch\/en\/wp-json\/wp\/v2\/product_brand?post=765"},{"taxonomy":"product_cat","embeddable":true,"href":"http:\/\/www.herbamed.ch\/en\/wp-json\/wp\/v2\/product_cat?post=765"},{"taxonomy":"product_tag","embeddable":true,"href":"http:\/\/www.herbamed.ch\/en\/wp-json\/wp\/v2\/product_tag?post=765"}],"curies":[{"name":"wp","href":"https:\/\/api.w.org\/{rel}","templated":true}]}}