{"id":727,"date":"2021-08-23T09:01:47","date_gmt":"2021-08-23T07:01:47","guid":{"rendered":"http:\/\/new.herbamed.ch\/?post_type=product&#038;p=727"},"modified":"2022-01-12T09:31:56","modified_gmt":"2022-01-12T08:31:56","slug":"causticum-hahnemanni-o-d1","status":"publish","type":"product","link":"http:\/\/www.herbamed.ch\/en\/product-2\/causticum-hahnemanni-o-d1\/","title":{"rendered":"Causticum Hahnemanni \u00d8 = D1"},"content":{"rendered":"<h3>Vorkommen und Beschreibungen<\/h3>\n<p>Causticum hahnemannii ist ein \u00c4tzstoff der nach Hahnemanns Vorschrift hergestellt und von ihm gepr\u00fcft wurde. Causticum hahnemannii wird heute noch nach Hahnemanns Vorschrift aus frisch gebranntem Kalk das aus Marmor und doppeltsaurem, schwefelsaurem Kalium gewonnen wird hergestellt. Die in den Ausgangsstoffen enthaltenen Elemente bei der Herstellung des Causticum hahnemannii sind unl\u00f6slich und f\u00e4llen aus. Zur Weiterverarbeitung wird diese L\u00f6sung filtriert und die Potenzierung erfolgt ohne den ausgef\u00e4llten Niederschlag nur mit der klaren L\u00f6sung.<\/p>\n<p>&nbsp;<\/p>\n<h3>Anwendung des Materials<\/h3>\n<p>Causticum hahnemannii wird nur in der Hom\u00f6opathie verwendet. Es zeigen sich folgende Leitsymptome: Rheumatische, arthritische und neuralgische Erscheinungen. Die Wirkung geht von Spasmen und Kr\u00e4mpfen \u00fcber Schw\u00e4che mit lahmheit, zu Paresen und l\u00e4hmungsartigen Zust\u00e4nden (z.B. Augenlider, Gesichtsnerven, Stimmb\u00e4nder, Mastdarm, Blase). Eine Mischung von Spasmen und Paresen ruft dyskinetische Bilder hervor (Stuhl geht besser im Stehen, vergebliches Dr\u00e4ngen zu Stuhl). Katarrhe der Luftwege mit Parese der Stimmb\u00e4nder und trockenem Husten, besser durch kaltes Wasser. Der Harn spritzt beim Husten weg. Husten der im Moment des Ausatmens auftritt. Brennende Schmerzen. Die Symptome werden von Fr\u00f6steln begleitet. Verbesserung zeigt Causticum hahnemannii bei: Abhusten von Schleim. Zusammenkr\u00fcmmen verbessert Bauch- und R\u00fcckenschmerzen. Feuchtes Wetter. Verschlechterung zeigt Causticum hahnemannii: morgens zwischen 3 und 5 Uhr und morgens nach dem Aufstehen. Vor und w\u00e4hrend der Menstruation. K\u00e4lte, Zugluft, trockene kalte Luft aber auch warme trockene Luft. Daran denken. Aufregung und Schreck.<\/p>","protected":false},"excerpt":{"rendered":"<p>Vorkommen und Beschreibungen Causticum hahnemannii ist ein \u00c4tzstoff der nach Hahnemanns Vorschrift hergestellt und von ihm gepr\u00fcft wurde. Causticum hahnemannii wird heute noch nach Hahnemanns Vorschrift aus frisch gebranntem Kalk das aus Marmor und doppeltsaurem, schwefelsaurem Kalium gewonnen wird hergestellt. Die in den Ausgangsstoffen enthaltenen Elemente bei der Herstellung des Causticum hahnemannii sind unl\u00f6slich und [&hellip;]<\/p>\n","protected":false},"featured_media":0,"template":"","meta":{"_monsterinsights_skip_tracking":false,"_monsterinsights_sitenote_active":false,"_monsterinsights_sitenote_note":"","_monsterinsights_sitenote_category":0},"product_brand":[],"product_cat":[2119,27,25],"product_tag":[],"class_list":{"0":"post-727","1":"product","2":"type-product","3":"status-publish","5":"product_cat-b2b","6":"product_cat-urtinkturen","7":"product_cat-wirkstoffe","9":"first","10":"instock","11":"shipping-taxable","12":"purchasable","13":"product-type-simple"},"_links":{"self":[{"href":"http:\/\/www.herbamed.ch\/en\/wp-json\/wp\/v2\/product\/727","targetHints":{"allow":["GET"]}}],"collection":[{"href":"http:\/\/www.herbamed.ch\/en\/wp-json\/wp\/v2\/product"}],"about":[{"href":"http:\/\/www.herbamed.ch\/en\/wp-json\/wp\/v2\/types\/product"}],"wp:attachment":[{"href":"http:\/\/www.herbamed.ch\/en\/wp-json\/wp\/v2\/media?parent=727"}],"wp:term":[{"taxonomy":"product_brand","embeddable":true,"href":"http:\/\/www.herbamed.ch\/en\/wp-json\/wp\/v2\/product_brand?post=727"},{"taxonomy":"product_cat","embeddable":true,"href":"http:\/\/www.herbamed.ch\/en\/wp-json\/wp\/v2\/product_cat?post=727"},{"taxonomy":"product_tag","embeddable":true,"href":"http:\/\/www.herbamed.ch\/en\/wp-json\/wp\/v2\/product_tag?post=727"}],"curies":[{"name":"wp","href":"https:\/\/api.w.org\/{rel}","templated":true}]}}