{"id":1131,"date":"2021-08-23T09:07:04","date_gmt":"2021-08-23T07:07:04","guid":{"rendered":"http:\/\/new.herbamed.ch\/?post_type=product&#038;p=1131"},"modified":"2024-03-20T12:33:08","modified_gmt":"2024-03-20T11:33:08","slug":"sanguicimin-wechseljahrtropfen","status":"publish","type":"product","link":"http:\/\/www.herbamed.ch\/en\/product-2\/sanguicimin-wechseljahrtropfen\/","title":{"rendered":"Sanguicimin &#8211; Wechseljahrtropfen"},"content":{"rendered":"<p>Sanguicimin \u2013 schafft erfolgreich Abhilfe bei folgenden Symptomen:<\/p>\n<ul>\n<li>Hitzewallungen, Schweissausbr\u00fcche<\/li>\n<li>Nachtschweiss und Schlafst\u00f6rungen, die zu M\u00fcdigkeitsgef\u00fchlen, Stress oder Angespanntheit f\u00fchren<\/li>\n<li>Stimmungsschwankungen<\/li>\n<\/ul>\n<p>Sanguicimin ist ein sicheres Arzneimittel, frei von den m\u00f6glichen Risiken einer Hormontherapie.<\/p>\n<p>Erh\u00e4ltlich in Ihrer Apotheke oder Drogerie.<\/p>\n<p>Bitte lesen Sie die Packungsbeilage.<\/p>\n<h3>Composition<\/h3>\n<p>1 ml enth\u00e4lt: Sanguinaria canadensis \u00d8 0.4 ml, Cimicifuga racemosa \u00d8 0.3 ml, Sepia gruneris D2 0.3 ml. Enth\u00e4lt 72 Vol. % Alkohol (Ethanol).<\/p>\n<h3>Areas of application<\/h3>\n<p>Gem\u00e4ss hom\u00f6opathischem Arzneimittelbild kann Sanguicimin bei Beschwerden der Wechseljahre wie Hitzewallungen, Schweissausbr\u00fcche, Nervosit\u00e4t und Verstimmungszust\u00e4nden angewendet werden.<\/p>\n<h3>Dosage<\/h3>\n<p>2 mal t\u00e4glich 20 Tropfen in Wasser verd\u00fcnnt einnehmen.<\/p>\n<h3>Kontraindikationen \/ Anwendungsbeschr\u00e4nkungen<\/h3>\n<p>Sanguicimin darf nicht angewendet werden bei einer bekannten \u00dcberempfindlichkeit auf einen der Inhaltsstoffe. Bei vorbestehender Lebersch\u00e4digung wird von der Einnahme von Sanguicimin abgeraten.<\/p>\n<h3>Side effects<\/h3>\n<p>In seltenen F\u00e4llen traten nach der Einnahme leichte Magenbeschwerden und \u00dcbelkeit auf. In sehr seltenen F\u00e4llen gibt es Hinweise auf Lebersch\u00e4digungen. Bei ungew\u00f6hnlichem Leistungsabfall, bei Gelbf\u00e4rbung der Bindehaut der Augen oder der Haut, bei dunklem Urin oder entf\u00e4rbtem Stuhl sollte Sanguicimin abgesetzt werden und ein Arzt bzw. eine \u00c4rztin aufgesucht werden.<\/p>","protected":false},"excerpt":{"rendered":"<p>Sanguicimin \u2013 schafft erfolgreich Abhilfe bei folgenden Symptomen:<\/p>\n<ul>\n<li>Hitzewallungen, Schweissausbr\u00fcche<\/li>\n<li>Nachtschweiss und Schlafst\u00f6rungen, die zu M\u00fcdigkeitsgef\u00fchlen, Stress oder Angespanntheit f\u00fchren<\/li>\n<li>Stimmungsschwankungen<\/li>\n<\/ul>","protected":false},"featured_media":1167,"template":"","meta":{"_monsterinsights_skip_tracking":false,"_monsterinsights_sitenote_active":false,"_monsterinsights_sitenote_note":"","_monsterinsights_sitenote_category":0},"product_brand":[],"product_cat":[19,2119,20,49],"product_tag":[],"class_list":{"0":"post-1131","1":"product","2":"type-product","3":"status-publish","4":"has-post-thumbnail","6":"product_cat-arzneimittel","7":"product_cat-b2b","8":"product_cat-homoeopathisch","9":"product_cat-swissmedic","11":"first","12":"instock","13":"shipping-taxable","14":"purchasable","15":"product-type-simple"},"_links":{"self":[{"href":"http:\/\/www.herbamed.ch\/en\/wp-json\/wp\/v2\/product\/1131","targetHints":{"allow":["GET"]}}],"collection":[{"href":"http:\/\/www.herbamed.ch\/en\/wp-json\/wp\/v2\/product"}],"about":[{"href":"http:\/\/www.herbamed.ch\/en\/wp-json\/wp\/v2\/types\/product"}],"wp:featuredmedia":[{"embeddable":true,"href":"http:\/\/www.herbamed.ch\/en\/wp-json\/wp\/v2\/media\/1167"}],"wp:attachment":[{"href":"http:\/\/www.herbamed.ch\/en\/wp-json\/wp\/v2\/media?parent=1131"}],"wp:term":[{"taxonomy":"product_brand","embeddable":true,"href":"http:\/\/www.herbamed.ch\/en\/wp-json\/wp\/v2\/product_brand?post=1131"},{"taxonomy":"product_cat","embeddable":true,"href":"http:\/\/www.herbamed.ch\/en\/wp-json\/wp\/v2\/product_cat?post=1131"},{"taxonomy":"product_tag","embeddable":true,"href":"http:\/\/www.herbamed.ch\/en\/wp-json\/wp\/v2\/product_tag?post=1131"}],"curies":[{"name":"wp","href":"https:\/\/api.w.org\/{rel}","templated":true}]}}