{"id":1105,"date":"2021-08-23T09:06:42","date_gmt":"2021-08-23T07:06:42","guid":{"rendered":"http:\/\/new.herbamed.ch\/?post_type=product&#038;p=1105"},"modified":"2023-03-29T14:37:20","modified_gmt":"2023-03-29T12:37:20","slug":"respirin-bronchial-asthmatropfen","status":"publish","type":"product","link":"http:\/\/www.herbamed.ch\/en\/product-2\/respirin-bronchial-asthmatropfen\/","title":{"rendered":"Respirin &#8211; Bronchial-Asthmatropfen"},"content":{"rendered":"<p>Die pflanzliche Hilfe bei Husten und Bronchialerkrankungen mit Symptomen wie:<\/p>\n<ul>\n<li>Asthma<\/li>\n<li>Kurzatmigkeit<\/li>\n<li>krampfartiger Husten mit z\u00e4hem Schleim<\/li>\n<li>trockener Husten ohne Auswurf<\/li>\n<li>anstrengende, krampfartige Hustenanf\u00e4lle<\/li>\n<li>Allergie bedingter Husten (Staub, Tierhaar)<\/li>\n<li>Atembeschwerden, verursacht durch: Infekte oder unspezifische Reize wie kalte Luft, chemische Reizstoffe, Tabakqualm, Stress und Abgase.<\/li>\n<\/ul>\n<p>Respirin ist ein wirksames pflanzliches Arzneimittel.<\/p>\n<h3>Composition<\/h3>\n<p>1 ml enth\u00e4lt: Primula veris \u00d8 0.30 ml, Echinacea purpurea \u00d8 0.25 ml, Ammi visnaga \u00d8 0.20 ml, Ephedra vulgaris \u00d8 0.10 ml, Lobelia inflata \u00d8 0.10 ml, Atropa belladonna \u00d8 0.05 ml. Enth\u00e4lt 66 Vol. % Alkohol (Ethanol).<\/p>\n<h3>Areas of application<\/h3>\n<p>Husten mit eingeschr\u00e4nkter Atmung, Bronchialasthma, auch im akuten Anfall.<\/p>\n<h3>Dosage<\/h3>\n<p>2 &#8211; 3 x t\u00e4glich 20 Tropfen, je nach Resultat Dosierung leicht nach oben oder unten anpassen.<\/p>\n<p>Die Therapie von chronischem Asthma bedarf \u00e4rztlicher \u00dcberwachung.<\/p>\n<h3>Kontraindikationen \/ Anwendungsbeschr\u00e4nkungen<\/h3>\n<p>Nicht anzuwenden bei Herz-Kreislauf Erkrankungen, wie hohem Blutdruck und Herzbeschwerden. Nicht anzuwenden bei Glaukom, Prostatahypertrophie und Schilddr\u00fcsen\u00fcberfunktion. Nicht anzuwenden bei S\u00e4uglingen und Kleinkindern. Nicht anzuwenden w\u00e4hrend Schwangerschaft und Stillzeit.<\/p>\n<h3>Side effects<\/h3>\n<p>Eine zu hohe Dosierung kann Erregung und Herzklopfen verursachen. Bitte konsultieren sie in diesem Fall Ihren Arzt.<\/p>","protected":false},"excerpt":{"rendered":"<p>Die pflanzliche Hilfe bei Husten und Bronchialerkrankungen mit Symptomen wie:<\/p>\n<ul>\n<li>Asthma<\/li>\n<li>Kurzatmigkeit<\/li>\n<li>krampfartiger Husten mit z\u00e4hem Schleim<\/li>\n<li>trockener Husten ohne Auswurf<\/li>\n<li>anstrengende, krampfartige Hustenanf\u00e4lle<\/li>\n<li>Allergie bedingter Husten (Staub, Tierhaar)<\/li>\n<li>Atembeschwerden, verursacht durch: Infekte oder unspezifische Reize wie kalte Luft, chemische Reizstoffe, Tabakqualm, Stress und Abgase.<\/li>\n<\/ul>","protected":false},"featured_media":1155,"template":"","meta":{"_monsterinsights_skip_tracking":false,"_monsterinsights_sitenote_active":false,"_monsterinsights_sitenote_note":"","_monsterinsights_sitenote_category":0},"product_brand":[],"product_cat":[19,2119,21],"product_tag":[],"class_list":{"0":"post-1105","1":"product","2":"type-product","3":"status-publish","4":"has-post-thumbnail","6":"product_cat-arzneimittel","7":"product_cat-b2b","8":"product_cat-pflanzlich","10":"first","11":"instock","12":"shipping-taxable","13":"purchasable","14":"product-type-simple"},"_links":{"self":[{"href":"http:\/\/www.herbamed.ch\/en\/wp-json\/wp\/v2\/product\/1105","targetHints":{"allow":["GET"]}}],"collection":[{"href":"http:\/\/www.herbamed.ch\/en\/wp-json\/wp\/v2\/product"}],"about":[{"href":"http:\/\/www.herbamed.ch\/en\/wp-json\/wp\/v2\/types\/product"}],"wp:featuredmedia":[{"embeddable":true,"href":"http:\/\/www.herbamed.ch\/en\/wp-json\/wp\/v2\/media\/1155"}],"wp:attachment":[{"href":"http:\/\/www.herbamed.ch\/en\/wp-json\/wp\/v2\/media?parent=1105"}],"wp:term":[{"taxonomy":"product_brand","embeddable":true,"href":"http:\/\/www.herbamed.ch\/en\/wp-json\/wp\/v2\/product_brand?post=1105"},{"taxonomy":"product_cat","embeddable":true,"href":"http:\/\/www.herbamed.ch\/en\/wp-json\/wp\/v2\/product_cat?post=1105"},{"taxonomy":"product_tag","embeddable":true,"href":"http:\/\/www.herbamed.ch\/en\/wp-json\/wp\/v2\/product_tag?post=1105"}],"curies":[{"name":"wp","href":"https:\/\/api.w.org\/{rel}","templated":true}]}}