{"id":1099,"date":"2021-08-23T09:06:40","date_gmt":"2021-08-23T07:06:40","guid":{"rendered":"http:\/\/new.herbamed.ch\/?post_type=product&#038;p=1099"},"modified":"2022-01-12T09:29:03","modified_gmt":"2022-01-12T08:29:03","slug":"hepasin-leber-galletropfen","status":"publish","type":"product","link":"http:\/\/www.herbamed.ch\/en\/product-2\/hepasin-leber-galletropfen\/","title":{"rendered":"Hepasin &#8211; Leber-Galletropfen"},"content":{"rendered":"<p>Verwenden Sie das Lebertherapeutikum auf pflanzlicher Basis bei St\u00f6rungen des Stoffwechsels und der Verdauung verschiedener Ursache, als Monotherapie, sowie begleitend bei chronischen Leiden wie<\/p>\n<ul>\n<li>Leber- und Galleleiden<\/li>\n<li>Fehlfunktion der Gallenblase mit Oberbauchbeschwerden, auch krampfartigen<\/li>\n<li>V\u00f6llegef\u00fchl, \u00dcbelkeit, Bl\u00e4hungen<\/li>\n<li>Appetitlosigkeit<\/li>\n<li>Unangenehmem Aufsto\u00dfen, mit fahlem Geruch<\/li>\n<li>Durchfall, Fettst\u00fchlen, Verstopfung<\/li>\n<li>Verdauungsbedingten Schlafst\u00f6rungen (hellwach nach 2 h)<\/li>\n<li>Zur Unterst\u00fctzung beim Fasten oder einer Di\u00e4t<\/li>\n<li>Zur Unterst\u00fctzung der Leberfunktion bei\n<ul>\n<li>Diabetes, Tumorerkrankungen<\/li>\n<li>nach akuten Vergiftungen<\/li>\n<li>wie Drogenmissbrauch<\/li>\n<li>Medikamentenabusus<\/li>\n<li>chronisch-entz\u00fcndlichen Lebererkrankungen und Leberzirrhose.<\/li>\n<\/ul>\n<\/li>\n<\/ul>\n<p>Hepasin ist ein schnell wirkendes, effektives pflanzliches Arzneimittel.<\/p>\n<h3>Composition<\/h3>\n<p>1 ml enthalten: Silybum marianum \u00d8 0.40 ml, Cynara scolymus \u00d8 0.20 ml, Artemisia absinthium \u00d8 0.20 ml, Chelidonium majus D1 0.10 ml, Fumaria officinalis \u00d8 0.10 ml. Enth\u00e4lt 60 Vol. % Alkohol (Ethanol).<\/p>\n<h3>Areas of application<\/h3>\n<p>Leber- und Gallenst\u00f6rungen, Verdauungsbeschwerden. Begleittherapie bei schweren Stoffwechselst\u00f6rungen.<\/p>\n<h3>Dosage<\/h3>\n<p>2 &#8211; 3 x t\u00e4glich 30 Tropfen.<\/p>\n<h3>Kontraindikationen \/ Anwendungsbeschr\u00e4nkungen<\/h3>\n<p>Absolute Alkoholunvertr\u00e4glichkeit. W\u00e4hrend Schwangerschaft und Stillzeit nur bei strenger \u00e4rztlicher Indikation verwenden. Nicht bei Kleinkindern anwenden.<\/p>\n<h3>Side effects<\/h3>\n<p>Keine bekannt.<\/p>","protected":false},"excerpt":{"rendered":"<p>Verwenden Sie das Lebertherapeutikum auf pflanzlicher Basis bei St\u00f6rungen des Stoffwechsels und der Verdauung verschiedener Ursache, als Monotherapie, sowie begleitend bei chronischen Leiden wie<\/p>\n<ul>\n<li>Leber- und Galleleiden<\/li>\n<li>Fehlfunktion der Gallenblase mit Oberbauchbeschwerden, auch krampfartigen<\/li>\n<li>V\u00f6llegef\u00fchl, \u00dcbelkeit, Bl\u00e4hungen<\/li>\n<li>Appetitlosigkeit<\/li>\n<li>Unangenehmem Aufsto\u00dfen, mit fahlem Geruch<\/li>\n<li>Durchfall, Fettst\u00fchlen, Verstopfung<\/li>\n<li>Verdauungsbedingten Schlafst\u00f6rungen (hellwach nach 2 h)<\/li>\n<li>Zur Unterst\u00fctzung beim Fasten oder einer Di\u00e4t<\/li>\n<li>Zur Unterst\u00fctzung der Leberfunktion bei\n<ul>\n<li>Diabetes, Tumorerkrankungen<\/li>\n<li>nach akuten Vergiftungen<\/li>\n<li>wie Drogenmissbrauch<\/li>\n<li>Medikamentenabusus<\/li>\n<li>chronisch-entz\u00fcndlichen Lebererkrankungen und Leberzirrhose.<\/li>\n<\/ul>\n<\/li>\n<\/ul>","protected":false},"featured_media":1127,"template":"","meta":{"_monsterinsights_skip_tracking":false,"_monsterinsights_sitenote_active":false,"_monsterinsights_sitenote_note":"","_monsterinsights_sitenote_category":0},"product_brand":[],"product_cat":[19,2119,21,53],"product_tag":[],"class_list":{"0":"post-1099","1":"product","2":"type-product","3":"status-publish","4":"has-post-thumbnail","6":"product_cat-arzneimittel","7":"product_cat-b2b","8":"product_cat-pflanzlich","9":"product_cat-tropfen","11":"first","12":"instock","13":"shipping-taxable","14":"purchasable","15":"product-type-simple"},"_links":{"self":[{"href":"http:\/\/www.herbamed.ch\/en\/wp-json\/wp\/v2\/product\/1099","targetHints":{"allow":["GET"]}}],"collection":[{"href":"http:\/\/www.herbamed.ch\/en\/wp-json\/wp\/v2\/product"}],"about":[{"href":"http:\/\/www.herbamed.ch\/en\/wp-json\/wp\/v2\/types\/product"}],"wp:featuredmedia":[{"embeddable":true,"href":"http:\/\/www.herbamed.ch\/en\/wp-json\/wp\/v2\/media\/1127"}],"wp:attachment":[{"href":"http:\/\/www.herbamed.ch\/en\/wp-json\/wp\/v2\/media?parent=1099"}],"wp:term":[{"taxonomy":"product_brand","embeddable":true,"href":"http:\/\/www.herbamed.ch\/en\/wp-json\/wp\/v2\/product_brand?post=1099"},{"taxonomy":"product_cat","embeddable":true,"href":"http:\/\/www.herbamed.ch\/en\/wp-json\/wp\/v2\/product_cat?post=1099"},{"taxonomy":"product_tag","embeddable":true,"href":"http:\/\/www.herbamed.ch\/en\/wp-json\/wp\/v2\/product_tag?post=1099"}],"curies":[{"name":"wp","href":"https:\/\/api.w.org\/{rel}","templated":true}]}}