{"id":1095,"date":"2021-08-23T09:06:39","date_gmt":"2021-08-23T07:06:39","guid":{"rendered":"http:\/\/new.herbamed.ch\/?post_type=product&#038;p=1095"},"modified":"2023-02-03T05:32:01","modified_gmt":"2023-02-03T04:32:01","slug":"benefiz-hustentropfen","status":"publish","type":"product","link":"http:\/\/www.herbamed.ch\/en\/product-2\/benefiz-hustentropfen\/","title":{"rendered":"Benefiz &#8211; Hustentropfen"},"content":{"rendered":"<h3>Composition<\/h3>\n<p>1 ml enth\u00e4lt\/contains: Thymus vulgaris \u00d8 0.4 ml, Grindelia robusta \u00d8 0.3 ml, Althaea officinalis \u00d8 0.1 ml, Eucalyptus globulus \u00d8 0.1 ml, Primula veris \u00d8 0.1 ml<\/p>\n<h3>Areas of application<\/h3>\n<p>Akute Entz\u00fcndung der Atemwege, Bronchitis, Husten, auch krampfartig, Keuchhusten.<\/p>","protected":false},"excerpt":{"rendered":"<p>Zusammensetzung 1 ml enth\u00e4lt\/contains: Thymus vulgaris \u00d8 0.4 ml, Grindelia robusta \u00d8 0.3 ml, Althaea officinalis \u00d8 0.1 ml, Eucalyptus globulus \u00d8 0.1 ml, Primula veris \u00d8 0.1 ml Anwendungsgebiete Akute Entz\u00fcndung der Atemwege, Bronchitis, Husten, auch krampfartig, Keuchhusten.<\/p>","protected":false},"featured_media":1123,"template":"","meta":{"_monsterinsights_skip_tracking":false,"_monsterinsights_sitenote_active":false,"_monsterinsights_sitenote_note":"","_monsterinsights_sitenote_category":0},"product_brand":[],"product_cat":[19,2119,52,21],"product_tag":[],"class_list":{"0":"post-1095","1":"product","2":"type-product","3":"status-publish","4":"has-post-thumbnail","6":"product_cat-arzneimittel","7":"product_cat-b2b","8":"product_cat-gel","9":"product_cat-pflanzlich","11":"first","12":"instock","13":"shipping-taxable","14":"purchasable","15":"product-type-simple"},"_links":{"self":[{"href":"http:\/\/www.herbamed.ch\/en\/wp-json\/wp\/v2\/product\/1095","targetHints":{"allow":["GET"]}}],"collection":[{"href":"http:\/\/www.herbamed.ch\/en\/wp-json\/wp\/v2\/product"}],"about":[{"href":"http:\/\/www.herbamed.ch\/en\/wp-json\/wp\/v2\/types\/product"}],"wp:featuredmedia":[{"embeddable":true,"href":"http:\/\/www.herbamed.ch\/en\/wp-json\/wp\/v2\/media\/1123"}],"wp:attachment":[{"href":"http:\/\/www.herbamed.ch\/en\/wp-json\/wp\/v2\/media?parent=1095"}],"wp:term":[{"taxonomy":"product_brand","embeddable":true,"href":"http:\/\/www.herbamed.ch\/en\/wp-json\/wp\/v2\/product_brand?post=1095"},{"taxonomy":"product_cat","embeddable":true,"href":"http:\/\/www.herbamed.ch\/en\/wp-json\/wp\/v2\/product_cat?post=1095"},{"taxonomy":"product_tag","embeddable":true,"href":"http:\/\/www.herbamed.ch\/en\/wp-json\/wp\/v2\/product_tag?post=1095"}],"curies":[{"name":"wp","href":"https:\/\/api.w.org\/{rel}","templated":true}]}}